{"id":5649,"date":"2018-10-24T09:43:58","date_gmt":"2018-10-24T09:43:58","guid":{"rendered":"http:\/\/onetwo.themerella.com\/?page_id=5649"},"modified":"2018-10-24T09:43:58","modified_gmt":"2018-10-24T09:43:58","slug":"modern","status":"publish","type":"page","link":"https:\/\/atakalibrasyon.com.tr\/index.php\/modern\/","title":{"rendered":"Modern"},"content":{"rendered":"<p>[vc_row][vc_column]<style>.ld_spacer_69e3604543fe7{height:70px;}<\/style>\n<div class=\"ld-empty-space ld_spacer_69e3604543fe7\"><span class=\"liquid_empty_space_inner\"><\/span><\/div><style>.ld_blog_69e36045441ef .liquid-blog-grid{margin-left:-20px;margin-right:-20px;}.ld_blog_69e36045441ef .liquid-blog-grid > div{padding-left:20px;padding-right:20px;}.ld_blog_69e36045441ef .liquid-blog-grid .liquid-lp{margin-bottom:60px;}.ld_blog_69e36045441ef .filter-list{margin-bottom:px;}.ld_blog_69e36045441ef .liquid-blog-item .liquid-lp-title,.ld_blog_69e36045441ef .liquid-lp .liquid-lp-title{margin-top:px;margin-bottom:px;}<\/style><div class=\"liquid-blog-posts ld_blog_69e36045441ef ld-1540373550291-9b25b10b-a3f9 \"><div class=\"liquid-blog-grid row\"><div class=\"col-md-6\"><article id=\"post-1\" class=\"liquid-lp post-1 post type-post status-publish format-standard hentry category-genel\">\n<header class=\"liquid-lp-header\">\n\t<h2 class=\"entry-title liquid-lp-title h4\"><a  href=\"https:\/\/atakalibrasyon.com.tr\/index.php\/2020\/05\/28\/merhaba-dunya\/\" rel=\"bookmark\">Merhaba d\u00fcnya!<\/a><\/h2>\t<time class=\"published updated liquid-lp-date text-uppercase ltr-sp-1\" datetime=\"2020-05-28T10:52:23+03:00\">28 May\u0131s 2020<\/time><\/header>\n\n\t\t\t<div class=\"liquid-lp-excerpt entry-summary \">\n\t\t\t\t<p>WordPress&#8217;e ho\u015f geldiniz. Bu sizin ilk yaz\u0131n\u0131z. Bu yaz\u0131y\u0131 d\u00fczenleyin ya da silin.<\/p>\n\t\t\t<\/div><!-- \/.latest-post-excerpt -->\n\t\t\n<footer class=\"liquid-lp-footer\">\n\t<a href=\"https:\/\/atakalibrasyon.com.tr\/index.php\/2020\/05\/28\/merhaba-dunya\/\" class=\"btn btn-underlined text-uppercase liquid-lp-read-more\">\n\t\t<span>\n\t\t\t<span class=\"btn-txt\">Continue Reading<\/span>\n\t\t<\/span>\n\t<\/a>\n<\/footer>\n\n<\/article><\/div><div class=\"col-md-6\"><article id=\"post-6957\" class=\"liquid-lp post-6957 post type-post status-publish format-standard hentry category-genel\">\n<header class=\"liquid-lp-header\">\n\t<h2 class=\"entry-title liquid-lp-title h4\"><a  href=\"https:\/\/atakalibrasyon.com.tr\/index.php\/2020\/04\/13\/merhaba-dunya-2\/\" rel=\"bookmark\">Merhaba d\u00fcnya!<\/a><\/h2>\t<time class=\"published updated liquid-lp-date text-uppercase ltr-sp-1\" datetime=\"2020-04-13T17:50:35+03:00\">13 Nisan 2020<\/time><\/header>\n\n\t\t\t<div class=\"liquid-lp-excerpt entry-summary \">\n\t\t\t\t<p>WordPress&#8217;e ho\u015f geldiniz. Bu sizin ilk yaz\u0131n\u0131z. Bu yaz\u0131y\u0131 d\u00fczenleyin ya da silin.<\/p>\n\t\t\t<\/div><!-- \/.latest-post-excerpt -->\n\t\t\n<footer class=\"liquid-lp-footer\">\n\t<a href=\"https:\/\/atakalibrasyon.com.tr\/index.php\/2020\/04\/13\/merhaba-dunya-2\/\" class=\"btn btn-underlined text-uppercase liquid-lp-read-more\">\n\t\t<span>\n\t\t\t<span class=\"btn-txt\">Continue Reading<\/span>\n\t\t<\/span>\n\t<\/a>\n<\/footer>\n\n<\/article><\/div><div class=\"col-md-6\"><article id=\"post-3648\" class=\"liquid-lp post-3648 post type-post status-publish format-standard has-post-thumbnail hentry category-classic category-event tag-event\"><figure class=\"liquid-lp-media \"  data-responsive-bg=\"true\" data-parallax=\"true\" data-parallax-options='{ \"parallaxBG\": true }'><a  href=\"https:\/\/atakalibrasyon.com.tr\/index.php\/2018\/08\/22\/business-meeting-2017-in-san-francisco-3\/\"><\/a><\/figure>\n<header class=\"liquid-lp-header\">\n\t<h2 class=\"entry-title liquid-lp-title h4\"><a  href=\"https:\/\/atakalibrasyon.com.tr\/index.php\/2018\/08\/22\/business-meeting-2017-in-san-francisco-3\/\" rel=\"bookmark\">Business meeting 2017 in San Francisco<\/a><\/h2>\t<time class=\"published updated liquid-lp-date text-uppercase ltr-sp-1\" datetime=\"2018-08-22T10:14:07+03:00\">22 A\u011fustos 2018<\/time><\/header>\n\n\t\t\t<div class=\"liquid-lp-excerpt entry-summary \">\n\t\t\t\t<p>[vc_row][vc_column][vc_column_text]Never ever think of giving up. Winners never quit and quitters never win.<\/p>\n\t\t\t<\/div><!-- \/.latest-post-excerpt -->\n\t\t\n<footer class=\"liquid-lp-footer\">\n\t<a href=\"https:\/\/atakalibrasyon.com.tr\/index.php\/2018\/08\/22\/business-meeting-2017-in-san-francisco-3\/\" class=\"btn btn-underlined text-uppercase liquid-lp-read-more\">\n\t\t<span>\n\t\t\t<span class=\"btn-txt\">Continue Reading<\/span>\n\t\t<\/span>\n\t<\/a>\n<\/footer>\n\n<\/article><\/div><div class=\"col-md-6\"><article id=\"post-3646\" class=\"liquid-lp post-3646 post type-post status-publish format-standard has-post-thumbnail hentry category-classic category-news tag-news\"><figure class=\"liquid-lp-media \"  data-responsive-bg=\"true\" data-parallax=\"true\" data-parallax-options='{ \"parallaxBG\": true }'><a  href=\"https:\/\/atakalibrasyon.com.tr\/index.php\/2018\/08\/22\/business-meeting-2017-in-london-3-2\/\"><img width=\"550\" height=\"350\" src=\"data:image\/svg+xml;charset=utf-8,&lt;svg xmlns%3D&#039;http%3A%2F%2Fwww.w3.org%2F2000%2Fsvg&#039; viewBox%3D&#039;0 0 550 350&#039;%2F&gt;\" class=\"attachment-liquid-classic-2-blog size-liquid-classic-2-blog ld-lazyload wp-post-image\" alt=\"\" decoding=\"async\" loading=\"lazy\" data-src=\"https:\/\/atakalibrasyon.com.tr\/wp-content\/uploads\/2018\/08\/ben-kolde-430909-min-1-550x350.jpg\" data-aspect=\"1.5714285714286\" srcset=\"\" \/><\/a><\/figure>\n<header class=\"liquid-lp-header\">\n\t<h2 class=\"entry-title liquid-lp-title h4\"><a  href=\"https:\/\/atakalibrasyon.com.tr\/index.php\/2018\/08\/22\/business-meeting-2017-in-london-3-2\/\" rel=\"bookmark\">Business meeting 2017 in London<\/a><\/h2>\t<time class=\"published updated liquid-lp-date text-uppercase ltr-sp-1\" datetime=\"2018-08-22T10:13:51+03:00\">22 A\u011fustos 2018<\/time><\/header>\n\n\t\t\t<div class=\"liquid-lp-excerpt entry-summary \">\n\t\t\t\t<p>[vc_row][vc_column][vc_empty_space height=&#8221;2em&#8221;][vc_column_text] \u201cSuccess is the result of perfection, hard work, learning from failure,<\/p>\n\t\t\t<\/div><!-- \/.latest-post-excerpt -->\n\t\t\n<footer class=\"liquid-lp-footer\">\n\t<a href=\"https:\/\/atakalibrasyon.com.tr\/index.php\/2018\/08\/22\/business-meeting-2017-in-london-3-2\/\" class=\"btn btn-underlined text-uppercase liquid-lp-read-more\">\n\t\t<span>\n\t\t\t<span class=\"btn-txt\">Continue Reading<\/span>\n\t\t<\/span>\n\t<\/a>\n<\/footer>\n\n<\/article><\/div><\/div><!--\/ .row --><div class=\"page-nav\"><nav aria-label=\"Page navigation\"><ul class=\"pagination\"><li><span aria-current=\"page\" class=\"page-numbers current\">1<\/span><\/li>\n\t<li><a class=\"page-numbers\" href=\"https:\/\/atakalibrasyon.com.tr\/index.php\/wp-json\/wp\/v2\/pages\/5649\/page\/2\/\">2<\/a><\/li>\n\t<li><a class=\"page-numbers\" href=\"https:\/\/atakalibrasyon.com.tr\/index.php\/wp-json\/wp\/v2\/pages\/5649\/page\/3\/\">3<\/a><\/li>\n\t<li><span class=\"page-numbers dots\">&hellip;<\/span><\/li>\n\t<li><a class=\"page-numbers\" href=\"https:\/\/atakalibrasyon.com.tr\/index.php\/wp-json\/wp\/v2\/pages\/5649\/page\/15\/\">15<\/a><\/li>\n\t<li><a class=\"next page-numbers\" href=\"https:\/\/atakalibrasyon.com.tr\/index.php\/wp-json\/wp\/v2\/pages\/5649\/page\/2\/\"><span aria-hidden=\"true\"><i class=\"fa fa-angle-right\"><\/i><\/span><\/a><\/li><\/ul><\/nav><\/div><\/div><!--\/ .liquid-blog-posts --><style>.ld_spacer_69e3604574deb{height:70px;}<\/style>\n<div class=\"ld-empty-space ld_spacer_69e3604574deb\"><span class=\"liquid_empty_space_inner\"><\/span><\/div>[\/vc_column][\/vc_row]<\/p>\n","protected":false},"excerpt":{"rendered":"<p>[vc_row][vc_column][\/vc_column][\/vc_row]<\/p>\n","protected":false},"author":1,"featured_media":0,"parent":0,"menu_order":0,"comment_status":"closed","ping_status":"closed","template":"","meta":[],"_links":{"self":[{"href":"https:\/\/atakalibrasyon.com.tr\/index.php\/wp-json\/wp\/v2\/pages\/5649"}],"collection":[{"href":"https:\/\/atakalibrasyon.com.tr\/index.php\/wp-json\/wp\/v2\/pages"}],"about":[{"href":"https:\/\/atakalibrasyon.com.tr\/index.php\/wp-json\/wp\/v2\/types\/page"}],"author":[{"embeddable":true,"href":"https:\/\/atakalibrasyon.com.tr\/index.php\/wp-json\/wp\/v2\/users\/1"}],"replies":[{"embeddable":true,"href":"https:\/\/atakalibrasyon.com.tr\/index.php\/wp-json\/wp\/v2\/comments?post=5649"}],"version-history":[{"count":0,"href":"https:\/\/atakalibrasyon.com.tr\/index.php\/wp-json\/wp\/v2\/pages\/5649\/revisions"}],"wp:attachment":[{"href":"https:\/\/atakalibrasyon.com.tr\/index.php\/wp-json\/wp\/v2\/media?parent=5649"}],"curies":[{"name":"wp","href":"https:\/\/api.w.org\/{rel}","templated":true}]}}