{"id":5636,"date":"2018-10-24T09:39:42","date_gmt":"2018-10-24T09:39:42","guid":{"rendered":"http:\/\/onetwo.themerella.com\/?page_id=5636"},"modified":"2018-10-24T09:39:42","modified_gmt":"2018-10-24T09:39:42","slug":"blog-metro-alt","status":"publish","type":"page","link":"https:\/\/atakalibrasyon.com.tr\/index.php\/blog-metro-alt\/","title":{"rendered":"Metro"},"content":{"rendered":"<p>[vc_row][vc_column]<style>.ld_spacer_69e3604545d6f{height:80px;}<\/style>\n<div class=\"ld-empty-space ld_spacer_69e3604545d6f\"><span class=\"liquid_empty_space_inner\"><\/span><\/div><style>.ld_blog_69e3604545f46 .liquid-blog-grid{margin-left:-0px;margin-right:-0px;}.ld_blog_69e3604545f46 .liquid-blog-grid > div{padding-left:0px;padding-right:0px;}.ld_blog_69e3604545f46 .liquid-blog-grid .liquid-lp{margin-bottom:0px;}.ld_blog_69e3604545f46 .filter-list{margin-bottom:px;}.ld_blog_69e3604545f46 .liquid-blog-item .liquid-lp-title,.ld_blog_69e3604545f46 .liquid-lp .liquid-lp-title{margin-top:px;margin-bottom:px;}<\/style><div class=\"liquid-blog-posts ld_blog_69e3604545f46 ld-1540373550291-9b25b10b-a3f9 \"><div class=\"liquid-blog-grid row\"><svg xmlns=\"http:\/\/www.w3.org\/2000\/svg\" xmlns:xlink=\"http:\/\/www.w3.org\/1999\/xlink\" xml:space=\"preserve\" class=\"liquid-lp-gradient\" width=\"0\" height=\"0\">\n\t\t\t\t<defs>\n\t\t\t\t\t<linearGradient id=\"liquid-lp-gradient\" x1=\"0%\" y1=\"0%\" x2=\"100%\" y2=\"0%\">\n\t\t\t\t\t\t<stop offset=\"0%\" \/>\n\t\t\t\t\t\t<stop offset=\"100%\" \/>\n\t\t\t\t\t<\/linearGradient>\n\t\t\t\t<\/defs>\n\t\t\t<\/svg><div class=\"col-md-10 col-md-offset-1 col-lg-6 col-lg-offset-0 col-xs-12\"><article id=\"post-1\" class=\"liquid-lp liquid-lp-sp-block liquid-lp-sp-block-alt post-1 post type-post status-publish format-standard hentry category-genel\">\n<div class=\"liquid-lp-inner\">\n\n\t<a  href=\"https:\/\/atakalibrasyon.com.tr\/index.php\/2020\/05\/28\/merhaba-dunya\/\" class=\"liquid-overlay-link\">Merhaba d\u00fcnya!<\/a>\n\t\t\n\t<header class=\"liquid-lp-header\">\n\t \n\t\t\t\t<h2 class=\"entry-title liquid-lp-title liquid-lp-title h4 font-weight-bold\"><a  href=\"https:\/\/atakalibrasyon.com.tr\/index.php\/2020\/05\/28\/merhaba-dunya\/\" rel=\"bookmark\">Merhaba d\u00fcnya!<\/a><\/h2>\t\t<\/header>\n\t\n\t\n\t\t\t\t<div class=\"liquid-lp-excerpt entry-summary \">\n\t\t\t\t<p>WordPress&#8217;e ho\u015f geldiniz. Bu sizin ilk yaz\u0131n\u0131z. Bu yaz\u0131y\u0131 d\u00fczenleyin ya da silin.<\/p>\n\t\t\t<\/div><!-- \/.latest-post-excerpt -->\n\t\t\t\n\t\t<footer class=\"liquid-lp-footer\">\n\t\t<time class=\"published updated liquid-lp-date text-uppercase ltr-sp-1\" datetime=\"2020-05-28T10:52:23+03:00\">28 May\u0131s 2020<\/time>\t<\/footer>\n\t\n<\/div><!-- \/.liquid-lp-inner -->\n<\/article><\/div><div class=\"col-md-10 col-md-offset-1 col-lg-6 col-lg-offset-0 col-xs-12\"><article id=\"post-6957\" class=\"liquid-lp liquid-lp-sp-block liquid-lp-sp-block-alt post-6957 post type-post status-publish format-standard hentry category-genel\">\n<div class=\"liquid-lp-inner\">\n\n\t<a  href=\"https:\/\/atakalibrasyon.com.tr\/index.php\/2020\/04\/13\/merhaba-dunya-2\/\" class=\"liquid-overlay-link\">Merhaba d\u00fcnya!<\/a>\n\t\t\n\t<header class=\"liquid-lp-header\">\n\t \n\t\t\t\t<h2 class=\"entry-title liquid-lp-title liquid-lp-title h4 font-weight-bold\"><a  href=\"https:\/\/atakalibrasyon.com.tr\/index.php\/2020\/04\/13\/merhaba-dunya-2\/\" rel=\"bookmark\">Merhaba d\u00fcnya!<\/a><\/h2>\t\t<\/header>\n\t\n\t\n\t\t\t\t<div class=\"liquid-lp-excerpt entry-summary \">\n\t\t\t\t<p>WordPress&#8217;e ho\u015f geldiniz. Bu sizin ilk yaz\u0131n\u0131z. Bu yaz\u0131y\u0131 d\u00fczenleyin ya da silin.<\/p>\n\t\t\t<\/div><!-- \/.latest-post-excerpt -->\n\t\t\t\n\t\t<footer class=\"liquid-lp-footer\">\n\t\t<time class=\"published updated liquid-lp-date text-uppercase ltr-sp-1\" datetime=\"2020-04-13T17:50:35+03:00\">13 Nisan 2020<\/time>\t<\/footer>\n\t\n<\/div><!-- \/.liquid-lp-inner -->\n<\/article><\/div><div class=\"col-md-10 col-md-offset-1 col-lg-6 col-lg-offset-0 col-xs-12\"><article id=\"post-3648\" class=\"liquid-lp liquid-lp-sp-block liquid-lp-sp-block-alt liquid-lp-reverse post-3648 post type-post status-publish format-standard has-post-thumbnail hentry category-classic category-event tag-event\"><figure class=\"liquid-lp-media \" data-responsive-bg=\"true\" data-responsive-bg=\"true\" data-parallax=\"true\" data-parallax-options='{ \"parallaxBG\": true }'><a  href=\"https:\/\/atakalibrasyon.com.tr\/index.php\/2018\/08\/22\/business-meeting-2017-in-san-francisco-3\/\"><\/a><\/figure>\n<div class=\"liquid-lp-inner\">\n\n\t<a  href=\"https:\/\/atakalibrasyon.com.tr\/index.php\/2018\/08\/22\/business-meeting-2017-in-san-francisco-3\/\" class=\"liquid-overlay-link\">Business meeting 2017 in San Francisco<\/a>\n\t\t\n\t<header class=\"liquid-lp-header\">\n\t \n\t\t<span><span class=\"screen-reader-text\">Tags <\/span><ul class=\"liquid-lp-category bordered square\"><li><a href=\"https:\/\/atakalibrasyon.com.tr\/index.php\/tag\/event\/\" rel=\"tag\"><span>Event<\/span><\/a><\/li><\/ul><\/span>\t\t<h2 class=\"entry-title liquid-lp-title liquid-lp-title h4 font-weight-bold\"><a  href=\"https:\/\/atakalibrasyon.com.tr\/index.php\/2018\/08\/22\/business-meeting-2017-in-san-francisco-3\/\" rel=\"bookmark\">Business meeting 2017 in San Francisco<\/a><\/h2>\t\t<\/header>\n\t\n\t\n\t\t\t\t<div class=\"liquid-lp-excerpt entry-summary \">\n\t\t\t\t<p>[vc_row][vc_column][vc_column_text]Never ever think of giving up. Winners never quit and quitters never win.<\/p>\n\t\t\t<\/div><!-- \/.latest-post-excerpt -->\n\t\t\t\n\t\t<footer class=\"liquid-lp-footer\">\n\t\t<time class=\"published updated liquid-lp-date text-uppercase ltr-sp-1\" datetime=\"2018-08-22T10:14:07+03:00\">22 A\u011fustos 2018<\/time>\t<\/footer>\n\t\n<\/div><!-- \/.liquid-lp-inner -->\n<\/article><\/div><div class=\"col-md-10 col-md-offset-1 col-lg-6 col-lg-offset-0 col-xs-12\"><article id=\"post-3646\" class=\"liquid-lp liquid-lp-sp-block liquid-lp-sp-block-alt liquid-lp-reverse post-3646 post type-post status-publish format-standard has-post-thumbnail hentry category-classic category-news tag-news\"><figure class=\"liquid-lp-media \" data-responsive-bg=\"true\" data-responsive-bg=\"true\" data-parallax=\"true\" data-parallax-options='{ \"parallaxBG\": true }'><a  href=\"https:\/\/atakalibrasyon.com.tr\/index.php\/2018\/08\/22\/business-meeting-2017-in-london-3-2\/\"><img width=\"570\" height=\"498\" src=\"data:image\/svg+xml;charset=utf-8,&lt;svg xmlns%3D&#039;http%3A%2F%2Fwww.w3.org%2F2000%2Fsvg&#039; viewBox%3D&#039;0 0 570 498&#039;%2F&gt;\" class=\"attachment-liquid-metro-blog size-liquid-metro-blog ld-lazyload wp-post-image\" alt=\"\" decoding=\"async\" loading=\"lazy\" data-src=\"https:\/\/atakalibrasyon.com.tr\/wp-content\/uploads\/2018\/08\/ben-kolde-430909-min-1-570x498.jpg\" data-aspect=\"1.144578313253\" srcset=\"\" \/><\/a><\/figure>\n<div class=\"liquid-lp-inner\">\n\n\t<a  href=\"https:\/\/atakalibrasyon.com.tr\/index.php\/2018\/08\/22\/business-meeting-2017-in-london-3-2\/\" class=\"liquid-overlay-link\">Business meeting 2017 in London<\/a>\n\t\t\n\t<header class=\"liquid-lp-header\">\n\t \n\t\t<span><span class=\"screen-reader-text\">Tags <\/span><ul class=\"liquid-lp-category bordered square\"><li><a href=\"https:\/\/atakalibrasyon.com.tr\/index.php\/tag\/news\/\" rel=\"tag\"><span>News<\/span><\/a><\/li><\/ul><\/span>\t\t<h2 class=\"entry-title liquid-lp-title liquid-lp-title h4 font-weight-bold\"><a  href=\"https:\/\/atakalibrasyon.com.tr\/index.php\/2018\/08\/22\/business-meeting-2017-in-london-3-2\/\" rel=\"bookmark\">Business meeting 2017 in London<\/a><\/h2>\t\t<\/header>\n\t\n\t\n\t\t\t\t<div class=\"liquid-lp-excerpt entry-summary \">\n\t\t\t\t<p>[vc_row][vc_column][vc_empty_space height=&#8221;2em&#8221;][vc_column_text] \u201cSuccess is the result of perfection, hard work, learning from failure,<\/p>\n\t\t\t<\/div><!-- \/.latest-post-excerpt -->\n\t\t\t\n\t\t<footer class=\"liquid-lp-footer\">\n\t\t<time class=\"published updated liquid-lp-date text-uppercase ltr-sp-1\" datetime=\"2018-08-22T10:13:51+03:00\">22 A\u011fustos 2018<\/time>\t<\/footer>\n\t\n<\/div><!-- \/.liquid-lp-inner -->\n<\/article><\/div><div class=\"col-md-10 col-md-offset-1 col-lg-6 col-lg-offset-0 col-xs-12\"><article id=\"post-3647\" class=\"liquid-lp liquid-lp-sp-block liquid-lp-sp-block-alt post-3647 post type-post status-publish format-standard has-post-thumbnail hentry category-classic category-lifestyle tag-event\"><figure class=\"liquid-lp-media \" data-responsive-bg=\"true\" data-responsive-bg=\"true\" data-parallax=\"true\" data-parallax-options='{ \"parallaxBG\": true }'><a  href=\"https:\/\/atakalibrasyon.com.tr\/index.php\/2018\/08\/22\/combing-hair-10-tips-for-proper-hair-combing-3\/\"><img width=\"570\" height=\"498\" src=\"data:image\/svg+xml;charset=utf-8,&lt;svg xmlns%3D&#039;http%3A%2F%2Fwww.w3.org%2F2000%2Fsvg&#039; viewBox%3D&#039;0 0 570 498&#039;%2F&gt;\" class=\"attachment-liquid-metro-blog size-liquid-metro-blog ld-lazyload wp-post-image\" alt=\"\" decoding=\"async\" loading=\"lazy\" data-src=\"https:\/\/atakalibrasyon.com.tr\/wp-content\/uploads\/2018\/08\/alphacolor-13-427622-2-min-1-570x498.jpg\" data-aspect=\"1.144578313253\" srcset=\"\" \/><\/a><\/figure>\n<div class=\"liquid-lp-inner\">\n\n\t<a  href=\"https:\/\/atakalibrasyon.com.tr\/index.php\/2018\/08\/22\/combing-hair-10-tips-for-proper-hair-combing-3\/\" class=\"liquid-overlay-link\">Combing hair 10 tips for proper hair combing<\/a>\n\t\t\n\t<header class=\"liquid-lp-header\">\n\t \n\t\t<span><span class=\"screen-reader-text\">Tags <\/span><ul class=\"liquid-lp-category bordered square\"><li><a href=\"https:\/\/atakalibrasyon.com.tr\/index.php\/tag\/event\/\" rel=\"tag\"><span>Event<\/span><\/a><\/li><\/ul><\/span>\t\t<h2 class=\"entry-title liquid-lp-title liquid-lp-title h4 font-weight-bold\"><a  href=\"https:\/\/atakalibrasyon.com.tr\/index.php\/2018\/08\/22\/combing-hair-10-tips-for-proper-hair-combing-3\/\" rel=\"bookmark\">Combing hair 10 tips for proper hair combing<\/a><\/h2>\t\t<\/header>\n\t\n\t\n\t\t\t\t<div class=\"liquid-lp-excerpt entry-summary \">\n\t\t\t\t<p>[vc_row][vc_column][vc_column_text] Never ever think of giving up. Winners never quit and quitters never<\/p>\n\t\t\t<\/div><!-- \/.latest-post-excerpt -->\n\t\t\t\n\t\t<footer class=\"liquid-lp-footer\">\n\t\t<time class=\"published updated liquid-lp-date text-uppercase ltr-sp-1\" datetime=\"2018-08-22T10:13:08+03:00\">22 A\u011fustos 2018<\/time>\t<\/footer>\n\t\n<\/div><!-- \/.liquid-lp-inner -->\n<\/article><\/div><div class=\"col-md-10 col-md-offset-1 col-lg-6 col-lg-offset-0 col-xs-12\"><article id=\"post-3645\" class=\"liquid-lp liquid-lp-sp-block liquid-lp-sp-block-alt post-3645 post type-post status-publish format-standard has-post-thumbnail hentry category-business category-classic tag-blog\"><figure class=\"liquid-lp-media \" data-responsive-bg=\"true\" data-responsive-bg=\"true\" data-parallax=\"true\" data-parallax-options='{ \"parallaxBG\": true }'><a  href=\"https:\/\/atakalibrasyon.com.tr\/index.php\/2018\/08\/22\/top-10-night-creams-will-help-your-skin-to-relax-3\/\"><img width=\"570\" height=\"498\" src=\"data:image\/svg+xml;charset=utf-8,&lt;svg xmlns%3D&#039;http%3A%2F%2Fwww.w3.org%2F2000%2Fsvg&#039; viewBox%3D&#039;0 0 570 498&#039;%2F&gt;\" class=\"attachment-liquid-metro-blog size-liquid-metro-blog ld-lazyload wp-post-image\" alt=\"\" decoding=\"async\" loading=\"lazy\" data-src=\"https:\/\/atakalibrasyon.com.tr\/wp-content\/uploads\/2018\/08\/patrick-coddou-386904-min-1-570x498.jpg\" data-aspect=\"1.144578313253\" srcset=\"\" \/><\/a><\/figure>\n<div class=\"liquid-lp-inner\">\n\n\t<a  href=\"https:\/\/atakalibrasyon.com.tr\/index.php\/2018\/08\/22\/top-10-night-creams-will-help-your-skin-to-relax-3\/\" class=\"liquid-overlay-link\">Top 10 night creams will help your skin to relax<\/a>\n\t\t\n\t<header class=\"liquid-lp-header\">\n\t \n\t\t<span><span class=\"screen-reader-text\">Tags <\/span><ul class=\"liquid-lp-category bordered square\"><li><a href=\"https:\/\/atakalibrasyon.com.tr\/index.php\/tag\/blog\/\" rel=\"tag\"><span>Blog<\/span><\/a><\/li><\/ul><\/span>\t\t<h2 class=\"entry-title liquid-lp-title liquid-lp-title h4 font-weight-bold\"><a  href=\"https:\/\/atakalibrasyon.com.tr\/index.php\/2018\/08\/22\/top-10-night-creams-will-help-your-skin-to-relax-3\/\" rel=\"bookmark\">Top 10 night creams will help your skin to relax<\/a><\/h2>\t\t<\/header>\n\t\n\t\n\t\t\t\t<div class=\"liquid-lp-excerpt entry-summary \">\n\t\t\t\t<p>[vc_row][vc_column][vc_column_text]Never ever think of giving up. Winners never quit and quitters never win.<\/p>\n\t\t\t<\/div><!-- \/.latest-post-excerpt -->\n\t\t\t\n\t\t<footer class=\"liquid-lp-footer\">\n\t\t<time class=\"published updated liquid-lp-date text-uppercase ltr-sp-1\" datetime=\"2018-08-22T10:12:48+03:00\">22 A\u011fustos 2018<\/time>\t<\/footer>\n\t\n<\/div><!-- \/.liquid-lp-inner -->\n<\/article><\/div><div class=\"col-md-10 col-md-offset-1 col-lg-6 col-lg-offset-0 col-xs-12\"><article id=\"post-3644\" class=\"liquid-lp liquid-lp-sp-block liquid-lp-sp-block-alt liquid-lp-reverse post-3644 post type-post status-publish format-standard has-post-thumbnail hentry category-classic tag-event\"><figure class=\"liquid-lp-media \" data-responsive-bg=\"true\" data-responsive-bg=\"true\" data-parallax=\"true\" data-parallax-options='{ \"parallaxBG\": true }'><a  href=\"https:\/\/atakalibrasyon.com.tr\/index.php\/2018\/08\/22\/investment-trend-monitor-top-trends-in-2017-3\/\"><\/a><\/figure>\n<div class=\"liquid-lp-inner\">\n\n\t<a  href=\"https:\/\/atakalibrasyon.com.tr\/index.php\/2018\/08\/22\/investment-trend-monitor-top-trends-in-2017-3\/\" class=\"liquid-overlay-link\">Investment trend monitor: Top trends in 2017<\/a>\n\t\t\n\t<header class=\"liquid-lp-header\">\n\t \n\t\t<span><span class=\"screen-reader-text\">Tags <\/span><ul class=\"liquid-lp-category bordered square\"><li><a href=\"https:\/\/atakalibrasyon.com.tr\/index.php\/tag\/event\/\" rel=\"tag\"><span>Event<\/span><\/a><\/li><\/ul><\/span>\t\t<h2 class=\"entry-title liquid-lp-title liquid-lp-title h4 font-weight-bold\"><a  href=\"https:\/\/atakalibrasyon.com.tr\/index.php\/2018\/08\/22\/investment-trend-monitor-top-trends-in-2017-3\/\" rel=\"bookmark\">Investment trend monitor: Top trends in 2017<\/a><\/h2>\t\t<\/header>\n\t\n\t\n\t\t\t\t<div class=\"liquid-lp-excerpt entry-summary \">\n\t\t\t\t<p>[vc_row][vc_column][vc_column_text]Never ever think of giving up. Winners never quit and quitters never win.<\/p>\n\t\t\t<\/div><!-- \/.latest-post-excerpt -->\n\t\t\t\n\t\t<footer class=\"liquid-lp-footer\">\n\t\t<time class=\"published updated liquid-lp-date text-uppercase ltr-sp-1\" datetime=\"2018-08-22T10:11:48+03:00\">22 A\u011fustos 2018<\/time>\t<\/footer>\n\t\n<\/div><!-- \/.liquid-lp-inner -->\n<\/article><\/div><div class=\"col-md-10 col-md-offset-1 col-lg-6 col-lg-offset-0 col-xs-12\"><article id=\"post-3640\" class=\"liquid-lp liquid-lp-sp-block liquid-lp-sp-block-alt liquid-lp-reverse post-3640 post type-post status-publish format-standard has-post-thumbnail hentry category-featured tag-event\"><figure class=\"liquid-lp-media \" data-responsive-bg=\"true\" data-responsive-bg=\"true\" data-parallax=\"true\" data-parallax-options='{ \"parallaxBG\": true }'><a  href=\"https:\/\/atakalibrasyon.com.tr\/index.php\/2018\/08\/22\/addiction-when-gambling-becomes-a-problem\/\"><\/a><\/figure>\n<div class=\"liquid-lp-inner\">\n\n\t<a  href=\"https:\/\/atakalibrasyon.com.tr\/index.php\/2018\/08\/22\/addiction-when-gambling-becomes-a-problem\/\" class=\"liquid-overlay-link\">Addiction when gambling becomes a problem<\/a>\n\t\t\n\t<header class=\"liquid-lp-header\">\n\t \n\t\t<span><span class=\"screen-reader-text\">Tags <\/span><ul class=\"liquid-lp-category bordered square\"><li><a href=\"https:\/\/atakalibrasyon.com.tr\/index.php\/tag\/event\/\" rel=\"tag\"><span>Event<\/span><\/a><\/li><\/ul><\/span>\t\t<h2 class=\"entry-title liquid-lp-title liquid-lp-title h4 font-weight-bold\"><a  href=\"https:\/\/atakalibrasyon.com.tr\/index.php\/2018\/08\/22\/addiction-when-gambling-becomes-a-problem\/\" rel=\"bookmark\">Addiction when gambling becomes a problem<\/a><\/h2>\t\t<\/header>\n\t\n\t\n\t\t\t\t<div class=\"liquid-lp-excerpt entry-summary \">\n\t\t\t\t<p>[vc_row][vc_column][vc_column_text]Never ever think of giving up. Winners never quit and quitters never win.<\/p>\n\t\t\t<\/div><!-- \/.latest-post-excerpt -->\n\t\t\t\n\t\t<footer class=\"liquid-lp-footer\">\n\t\t<time class=\"published updated liquid-lp-date text-uppercase ltr-sp-1\" datetime=\"2018-08-22T10:01:07+03:00\">22 A\u011fustos 2018<\/time>\t<\/footer>\n\t\n<\/div><!-- \/.liquid-lp-inner -->\n<\/article><\/div><div class=\"col-md-10 col-md-offset-1 col-lg-6 col-lg-offset-0 col-xs-12\"><article id=\"post-3616\" class=\"liquid-lp liquid-lp-sp-block liquid-lp-sp-block-alt post-3616 post type-post status-publish format-standard has-post-thumbnail hentry category-business category-motivation category-split tag-event\"><figure class=\"liquid-lp-media \" data-responsive-bg=\"true\" data-responsive-bg=\"true\" data-parallax=\"true\" data-parallax-options='{ \"parallaxBG\": true }'><a  href=\"https:\/\/atakalibrasyon.com.tr\/index.php\/2018\/08\/22\/global-resorts-network-grn-putting-timeshares-to-shame\/\"><\/a><\/figure>\n<div class=\"liquid-lp-inner\">\n\n\t<a  href=\"https:\/\/atakalibrasyon.com.tr\/index.php\/2018\/08\/22\/global-resorts-network-grn-putting-timeshares-to-shame\/\" class=\"liquid-overlay-link\">Global resorts network GRN putting timeshares to shame<\/a>\n\t\t\n\t<header class=\"liquid-lp-header\">\n\t \n\t\t<span><span class=\"screen-reader-text\">Tags <\/span><ul class=\"liquid-lp-category bordered square\"><li><a href=\"https:\/\/atakalibrasyon.com.tr\/index.php\/tag\/event\/\" rel=\"tag\"><span>Event<\/span><\/a><\/li><\/ul><\/span>\t\t<h2 class=\"entry-title liquid-lp-title liquid-lp-title h4 font-weight-bold\"><a  href=\"https:\/\/atakalibrasyon.com.tr\/index.php\/2018\/08\/22\/global-resorts-network-grn-putting-timeshares-to-shame\/\" rel=\"bookmark\">Global resorts network GRN putting timeshares to shame<\/a><\/h2>\t\t<\/header>\n\t\n\t\n\t\t\t\t<div class=\"liquid-lp-excerpt entry-summary \">\n\t\t\t\t<p>[vc_row][vc_column][vc_column_text] Never ever think of giving up. Winners never quit and quitters never<\/p>\n\t\t\t<\/div><!-- \/.latest-post-excerpt -->\n\t\t\t\n\t\t<footer class=\"liquid-lp-footer\">\n\t\t<time class=\"published updated liquid-lp-date text-uppercase ltr-sp-1\" datetime=\"2018-08-22T06:56:42+03:00\">22 A\u011fustos 2018<\/time>\t<\/footer>\n\t\n<\/div><!-- \/.liquid-lp-inner -->\n<\/article><\/div><div class=\"col-md-10 col-md-offset-1 col-lg-6 col-lg-offset-0 col-xs-12\"><article id=\"post-3603\" class=\"liquid-lp liquid-lp-sp-block liquid-lp-sp-block-alt post-3603 post type-post status-publish format-standard has-post-thumbnail hentry category-business category-split category-travel tag-news\"><figure class=\"liquid-lp-media \" data-responsive-bg=\"true\" data-responsive-bg=\"true\" data-parallax=\"true\" data-parallax-options='{ \"parallaxBG\": true }'><a  href=\"https:\/\/atakalibrasyon.com.tr\/index.php\/2018\/08\/22\/business-meeting-2017-in-london-3\/\"><\/a><\/figure>\n<div class=\"liquid-lp-inner\">\n\n\t<a  href=\"https:\/\/atakalibrasyon.com.tr\/index.php\/2018\/08\/22\/business-meeting-2017-in-london-3\/\" class=\"liquid-overlay-link\">Business meeting 2017 in London<\/a>\n\t\t\n\t<header class=\"liquid-lp-header\">\n\t \n\t\t<span><span class=\"screen-reader-text\">Tags <\/span><ul class=\"liquid-lp-category bordered square\"><li><a href=\"https:\/\/atakalibrasyon.com.tr\/index.php\/tag\/news\/\" rel=\"tag\"><span>News<\/span><\/a><\/li><\/ul><\/span>\t\t<h2 class=\"entry-title liquid-lp-title liquid-lp-title h4 font-weight-bold\"><a  href=\"https:\/\/atakalibrasyon.com.tr\/index.php\/2018\/08\/22\/business-meeting-2017-in-london-3\/\" rel=\"bookmark\">Business meeting 2017 in London<\/a><\/h2>\t\t<\/header>\n\t\n\t\n\t\t\t\t<div class=\"liquid-lp-excerpt entry-summary \">\n\t\t\t\t<p>[vc_row][vc_column][vc_empty_space height=&#8221;2em&#8221;][vc_column_text] \u201cSuccess is the result of perfection, hard work, learning from failure,<\/p>\n\t\t\t<\/div><!-- \/.latest-post-excerpt -->\n\t\t\t\n\t\t<footer class=\"liquid-lp-footer\">\n\t\t<time class=\"published updated liquid-lp-date text-uppercase ltr-sp-1\" datetime=\"2018-08-22T06:53:11+03:00\">22 A\u011fustos 2018<\/time>\t<\/footer>\n\t\n<\/div><!-- \/.liquid-lp-inner -->\n<\/article><\/div><div class=\"col-md-10 col-md-offset-1 col-lg-6 col-lg-offset-0 col-xs-12\"><article id=\"post-3604\" class=\"liquid-lp liquid-lp-sp-block liquid-lp-sp-block-alt liquid-lp-reverse post-3604 post type-post status-publish format-standard has-post-thumbnail hentry category-beauty category-split tag-blog\"><figure class=\"liquid-lp-media \" data-responsive-bg=\"true\" data-responsive-bg=\"true\" data-parallax=\"true\" data-parallax-options='{ \"parallaxBG\": true }'><a  href=\"https:\/\/atakalibrasyon.com.tr\/index.php\/2018\/08\/22\/free-beauty-samples-what-they-are-and-how-to-find-them-2\/\"><\/a><\/figure>\n<div class=\"liquid-lp-inner\">\n\n\t<a  href=\"https:\/\/atakalibrasyon.com.tr\/index.php\/2018\/08\/22\/free-beauty-samples-what-they-are-and-how-to-find-them-2\/\" class=\"liquid-overlay-link\">Free beauty samples: What they are and how to find them<\/a>\n\t\t\n\t<header class=\"liquid-lp-header\">\n\t \n\t\t<span><span class=\"screen-reader-text\">Tags <\/span><ul class=\"liquid-lp-category bordered square\"><li><a href=\"https:\/\/atakalibrasyon.com.tr\/index.php\/tag\/blog\/\" rel=\"tag\"><span>Blog<\/span><\/a><\/li><\/ul><\/span>\t\t<h2 class=\"entry-title liquid-lp-title liquid-lp-title h4 font-weight-bold\"><a  href=\"https:\/\/atakalibrasyon.com.tr\/index.php\/2018\/08\/22\/free-beauty-samples-what-they-are-and-how-to-find-them-2\/\" rel=\"bookmark\">Free beauty samples: What they are and how to find them<\/a><\/h2>\t\t<\/header>\n\t\n\t\n\t\t\t\t<div class=\"liquid-lp-excerpt entry-summary \">\n\t\t\t\t<p>[vc_row][vc_column][vc_column_text]Never ever think of giving up. Winners never quit and quitters never win.<\/p>\n\t\t\t<\/div><!-- \/.latest-post-excerpt -->\n\t\t\t\n\t\t<footer class=\"liquid-lp-footer\">\n\t\t<time class=\"published updated liquid-lp-date text-uppercase ltr-sp-1\" datetime=\"2018-08-22T06:52:52+03:00\">22 A\u011fustos 2018<\/time>\t<\/footer>\n\t\n<\/div><!-- \/.liquid-lp-inner -->\n<\/article><\/div><div class=\"col-md-10 col-md-offset-1 col-lg-6 col-lg-offset-0 col-xs-12\"><article id=\"post-3602\" class=\"liquid-lp liquid-lp-sp-block liquid-lp-sp-block-alt liquid-lp-reverse post-3602 post type-post status-publish format-standard has-post-thumbnail hentry category-beauty category-motivation category-split tag-event\"><figure class=\"liquid-lp-media \" data-responsive-bg=\"true\" data-responsive-bg=\"true\" data-parallax=\"true\" data-parallax-options='{ \"parallaxBG\": true }'><a  href=\"https:\/\/atakalibrasyon.com.tr\/index.php\/2018\/08\/22\/helen-keller-a-teller-and-a-seller-2\/\"><\/a><\/figure>\n<div class=\"liquid-lp-inner\">\n\n\t<a  href=\"https:\/\/atakalibrasyon.com.tr\/index.php\/2018\/08\/22\/helen-keller-a-teller-and-a-seller-2\/\" class=\"liquid-overlay-link\">Helen Keller: A teller and a seller<\/a>\n\t\t\n\t<header class=\"liquid-lp-header\">\n\t \n\t\t<span><span class=\"screen-reader-text\">Tags <\/span><ul class=\"liquid-lp-category bordered square\"><li><a href=\"https:\/\/atakalibrasyon.com.tr\/index.php\/tag\/event\/\" rel=\"tag\"><span>Event<\/span><\/a><\/li><\/ul><\/span>\t\t<h2 class=\"entry-title liquid-lp-title liquid-lp-title h4 font-weight-bold\"><a  href=\"https:\/\/atakalibrasyon.com.tr\/index.php\/2018\/08\/22\/helen-keller-a-teller-and-a-seller-2\/\" rel=\"bookmark\">Helen Keller: A teller and a seller<\/a><\/h2>\t\t<\/header>\n\t\n\t\n\t\t\t\t<div class=\"liquid-lp-excerpt entry-summary \">\n\t\t\t\t<p>[vc_row][vc_column][vc_column_text]Never ever think of giving up. Winners never quit and quitters never win.<\/p>\n\t\t\t<\/div><!-- \/.latest-post-excerpt -->\n\t\t\t\n\t\t<footer class=\"liquid-lp-footer\">\n\t\t<time class=\"published updated liquid-lp-date text-uppercase ltr-sp-1\" datetime=\"2018-08-22T06:52:27+03:00\">22 A\u011fustos 2018<\/time>\t<\/footer>\n\t\n<\/div><!-- \/.liquid-lp-inner -->\n<\/article><\/div><\/div><!--\/ .row --><\/div><!--\/ .liquid-blog-posts --><style>.ld_spacer_69e36045ad265{height:65px;}<\/style>\n<div class=\"ld-empty-space ld_spacer_69e36045ad265\"><span class=\"liquid_empty_space_inner\"><\/span><\/div>[\/vc_column][\/vc_row]<\/p>\n","protected":false},"excerpt":{"rendered":"<p>[vc_row][vc_column][\/vc_column][\/vc_row]<\/p>\n","protected":false},"author":1,"featured_media":0,"parent":0,"menu_order":0,"comment_status":"closed","ping_status":"closed","template":"","meta":[],"_links":{"self":[{"href":"https:\/\/atakalibrasyon.com.tr\/index.php\/wp-json\/wp\/v2\/pages\/5636"}],"collection":[{"href":"https:\/\/atakalibrasyon.com.tr\/index.php\/wp-json\/wp\/v2\/pages"}],"about":[{"href":"https:\/\/atakalibrasyon.com.tr\/index.php\/wp-json\/wp\/v2\/types\/page"}],"author":[{"embeddable":true,"href":"https:\/\/atakalibrasyon.com.tr\/index.php\/wp-json\/wp\/v2\/users\/1"}],"replies":[{"embeddable":true,"href":"https:\/\/atakalibrasyon.com.tr\/index.php\/wp-json\/wp\/v2\/comments?post=5636"}],"version-history":[{"count":0,"href":"https:\/\/atakalibrasyon.com.tr\/index.php\/wp-json\/wp\/v2\/pages\/5636\/revisions"}],"wp:attachment":[{"href":"https:\/\/atakalibrasyon.com.tr\/index.php\/wp-json\/wp\/v2\/media?parent=5636"}],"curies":[{"name":"wp","href":"https:\/\/api.w.org\/{rel}","templated":true}]}}