{"id":3634,"date":"2018-08-22T09:54:29","date_gmt":"2018-08-22T09:54:29","guid":{"rendered":"http:\/\/onetwo.themerella.com\/?page_id=3634"},"modified":"2018-08-22T09:54:29","modified_gmt":"2018-08-22T09:54:29","slug":"blog-with-sidebar","status":"publish","type":"page","link":"https:\/\/atakalibrasyon.com.tr\/index.php\/blog-with-sidebar\/","title":{"rendered":"with Sidebar"},"content":{"rendered":"<p>[vc_row css=&#8221;.vc_custom_1540466790837{padding-top: 70px !important;padding-bottom: 80px !important;}&#8221;][vc_column offset=&#8221;vc_col-md-8&#8243;]<style>.ld_blog_69e349d5621a5 .liquid-blog-grid{margin-left:-15px;margin-right:-15px;}.ld_blog_69e349d5621a5 .liquid-blog-grid > div{padding-left:15px;padding-right:15px;}.ld_blog_69e349d5621a5 .liquid-blog-grid .liquid-lp{margin-bottom:50px;}.ld_blog_69e349d5621a5 .filter-list{margin-bottom:px;}.ld_blog_69e349d5621a5 .liquid-blog-item .liquid-lp-title,.ld_blog_69e349d5621a5 .liquid-lp .liquid-lp-title{margin-top:px;margin-bottom:px;}<\/style><div class=\"liquid-blog-posts ld_blog_69e349d5621a5 1534932429290-6757c10c-253d \"><div class=\"liquid-blog-grid liquid-blog-style-classic row\"><div class=\"col-md-12\"><article id=\"post-1\" class=\"liquid-lp liquid-blog-item liquid-blog-item-grid liquid-blog-scheme-dark post-1 post type-post status-publish format-standard hentry category-genel\">\n<div class=\"liquid-blog-item-inner\">\n\t\n\t<a href=\"https:\/\/atakalibrasyon.com.tr\/index.php\/2020\/05\/28\/merhaba-dunya\/\" class=\"liquid-overlay-link\">Merhaba d\u00fcnya!<\/a>\n\n\t<header class=\"liquid-lp-header\">\n\n\t\t<h2 class=\"liquid-lp-title font-weight-bold h3 size-sm\">\n\t\t\t<a href=\"https:\/\/atakalibrasyon.com.tr\/index.php\/2020\/05\/28\/merhaba-dunya\/\" data-split-text=\"true\" data-split-options='{ \"type\": \"lines\" }'>Merhaba d\u00fcnya!<\/a>\n\t\t<\/h2>\n\n\t\t<div class=\"liquid-lp-details\">\n\t\t\t<time class=\"liquid-lp-date\" datetime=\"2020-05-28T10:52:23+03:00\">6 sene ago<\/time>\n\t\t\tin\t\t\t\t\t<\/div><!-- \/.liquid-lp-details -->\n\n\t<\/header>\n\t\n\t\t\t\t<div class=\"liquid-lp-excerpt entry-summary \">\n\t\t\t\t<p>WordPress&#8217;e ho\u015f geldiniz. Bu sizin ilk yaz\u0131n\u0131z. Bu yaz\u0131y\u0131 d\u00fczenleyin ya da silin. Sonra yazmaya ba\u015flay\u0131n!<\/p>\n\t\t\t<\/div><!-- \/.latest-post-excerpt -->\n\t\t\t\n\t<footer class=\"liquid-lp-footer\">\n\t\t<a href=\"https:\/\/atakalibrasyon.com.tr\/index.php\/2020\/05\/28\/merhaba-dunya\/\" class=\"btn btn-naked text-uppercase ltr-sp-1 size-sm font-weight-bold liquid-lp-read-more\">\n\t\t\t<span>\n\t\t\t\t<span class=\"btn-line btn-line-before\"><\/span>\n\t\t\t\t<span class=\"btn-txt\">Continue Reading<\/span>\n\t\t\t\t<span class=\"btn-line btn-line-after\"><\/span>\n\t\t\t<\/span>\n\t\t<\/a>\n\t<\/footer>\n\t\n<\/div><!-- \/.liquid-blog-item-inner -->\n<\/article><\/div><div class=\"col-md-12\"><article id=\"post-6957\" class=\"liquid-lp liquid-blog-item liquid-blog-item-grid liquid-blog-scheme-dark post-6957 post type-post status-publish format-standard hentry category-genel\">\n<div class=\"liquid-blog-item-inner\">\n\t\n\t<a href=\"https:\/\/atakalibrasyon.com.tr\/index.php\/2020\/04\/13\/merhaba-dunya-2\/\" class=\"liquid-overlay-link\">Merhaba d\u00fcnya!<\/a>\n\n\t<header class=\"liquid-lp-header\">\n\n\t\t<h2 class=\"liquid-lp-title font-weight-bold h3 size-sm\">\n\t\t\t<a href=\"https:\/\/atakalibrasyon.com.tr\/index.php\/2020\/04\/13\/merhaba-dunya-2\/\" data-split-text=\"true\" data-split-options='{ \"type\": \"lines\" }'>Merhaba d\u00fcnya!<\/a>\n\t\t<\/h2>\n\n\t\t<div class=\"liquid-lp-details\">\n\t\t\t<time class=\"liquid-lp-date\" datetime=\"2020-04-13T17:50:35+03:00\">6 sene ago<\/time>\n\t\t\tin\t\t\t\t\t<\/div><!-- \/.liquid-lp-details -->\n\n\t<\/header>\n\t\n\t\t\t\t<div class=\"liquid-lp-excerpt entry-summary \">\n\t\t\t\t<p>WordPress&#8217;e ho\u015f geldiniz. Bu sizin ilk yaz\u0131n\u0131z. Bu yaz\u0131y\u0131 d\u00fczenleyin ya da silin. Sonra yazmaya ba\u015flay\u0131n!<\/p>\n\t\t\t<\/div><!-- \/.latest-post-excerpt -->\n\t\t\t\n\t<footer class=\"liquid-lp-footer\">\n\t\t<a href=\"https:\/\/atakalibrasyon.com.tr\/index.php\/2020\/04\/13\/merhaba-dunya-2\/\" class=\"btn btn-naked text-uppercase ltr-sp-1 size-sm font-weight-bold liquid-lp-read-more\">\n\t\t\t<span>\n\t\t\t\t<span class=\"btn-line btn-line-before\"><\/span>\n\t\t\t\t<span class=\"btn-txt\">Continue Reading<\/span>\n\t\t\t\t<span class=\"btn-line btn-line-after\"><\/span>\n\t\t\t<\/span>\n\t\t<\/a>\n\t<\/footer>\n\t\n<\/div><!-- \/.liquid-blog-item-inner -->\n<\/article><\/div><div class=\"col-md-12\"><article id=\"post-3648\" class=\"liquid-lp liquid-blog-item liquid-blog-item-grid liquid-blog-scheme-dark post-3648 post type-post status-publish format-standard has-post-thumbnail hentry category-classic category-event tag-event\"><figure class=\"liquid-lp-media \"  data-responsive-bg=\"true\" data-parallax=\"true\" data-parallax-options='{ \"parallaxBG\": true }'><a  href=\"https:\/\/atakalibrasyon.com.tr\/index.php\/2018\/08\/22\/business-meeting-2017-in-san-francisco-3\/\"><\/a><\/figure>\n<div class=\"liquid-blog-item-inner\">\n\t\n\t<a href=\"https:\/\/atakalibrasyon.com.tr\/index.php\/2018\/08\/22\/business-meeting-2017-in-san-francisco-3\/\" class=\"liquid-overlay-link\">Business meeting 2017 in San Francisco<\/a>\n\n\t<header class=\"liquid-lp-header\">\n\n\t\t<h2 class=\"liquid-lp-title font-weight-bold h3 size-sm\">\n\t\t\t<a href=\"https:\/\/atakalibrasyon.com.tr\/index.php\/2018\/08\/22\/business-meeting-2017-in-san-francisco-3\/\" data-split-text=\"true\" data-split-options='{ \"type\": \"lines\" }'>Business meeting 2017 in San Francisco<\/a>\n\t\t<\/h2>\n\n\t\t<div class=\"liquid-lp-details\">\n\t\t\t<time class=\"liquid-lp-date\" datetime=\"2018-08-22T10:14:07+03:00\">8 sene ago<\/time>\n\t\t\tin\t\t\t<span><span class=\"screen-reader-text\">Tags <\/span><ul class=\"liquid-lp-category \"><li><a href=\"https:\/\/atakalibrasyon.com.tr\/index.php\/tag\/event\/\" rel=\"tag\">Event<\/a><\/li><\/ul><\/span>\t\t<\/div><!-- \/.liquid-lp-details -->\n\n\t<\/header>\n\t\n\t\t\t\t<div class=\"liquid-lp-excerpt entry-summary \">\n\t\t\t\t<p>[vc_row][vc_column][vc_column_text]Never ever think of giving up. Winners never quit and quitters never win. Take all negative words out of your mental dictionary and focus on the solutions with utmost conviction and patience. The battle is<\/p>\n\t\t\t<\/div><!-- \/.latest-post-excerpt -->\n\t\t\t\n\t<footer class=\"liquid-lp-footer\">\n\t\t<a href=\"https:\/\/atakalibrasyon.com.tr\/index.php\/2018\/08\/22\/business-meeting-2017-in-san-francisco-3\/\" class=\"btn btn-naked text-uppercase ltr-sp-1 size-sm font-weight-bold liquid-lp-read-more\">\n\t\t\t<span>\n\t\t\t\t<span class=\"btn-line btn-line-before\"><\/span>\n\t\t\t\t<span class=\"btn-txt\">Continue Reading<\/span>\n\t\t\t\t<span class=\"btn-line btn-line-after\"><\/span>\n\t\t\t<\/span>\n\t\t<\/a>\n\t<\/footer>\n\t\n<\/div><!-- \/.liquid-blog-item-inner -->\n<\/article><\/div><div class=\"col-md-12\"><article id=\"post-3646\" class=\"liquid-lp liquid-blog-item liquid-blog-item-grid liquid-blog-scheme-dark post-3646 post type-post status-publish format-standard has-post-thumbnail hentry category-classic category-news tag-news\"><figure class=\"liquid-lp-media \"  data-responsive-bg=\"true\" data-parallax=\"true\" data-parallax-options='{ \"parallaxBG\": true }'><a  href=\"https:\/\/atakalibrasyon.com.tr\/index.php\/2018\/08\/22\/business-meeting-2017-in-london-3-2\/\"><img width=\"770\" height=\"400\" src=\"data:image\/svg+xml;charset=utf-8,&lt;svg xmlns%3D&#039;http%3A%2F%2Fwww.w3.org%2F2000%2Fsvg&#039; viewBox%3D&#039;0 0 770 400&#039;%2F&gt;\" class=\"attachment-liquid-classic-full-blog size-liquid-classic-full-blog ld-lazyload wp-post-image\" alt=\"\" decoding=\"async\" loading=\"lazy\" srcset=\"\" sizes=\"(max-width: 770px) 100vw, 770px\" data-src=\"https:\/\/atakalibrasyon.com.tr\/wp-content\/uploads\/2018\/08\/ben-kolde-430909-min-1-770x400.jpg\" data-srcset=\"https:\/\/atakalibrasyon.com.tr\/wp-content\/uploads\/2018\/08\/ben-kolde-430909-min-1-770x400.jpg 770w, https:\/\/atakalibrasyon.com.tr\/wp-content\/uploads\/2018\/08\/ben-kolde-430909-min-1-600x311.jpg 600w, https:\/\/atakalibrasyon.com.tr\/wp-content\/uploads\/2018\/08\/ben-kolde-430909-min-1-300x155.jpg 300w, https:\/\/atakalibrasyon.com.tr\/wp-content\/uploads\/2018\/08\/ben-kolde-430909-min-1-768x398.jpg 768w, https:\/\/atakalibrasyon.com.tr\/wp-content\/uploads\/2018\/08\/ben-kolde-430909-min-1.jpg 962w\" data-aspect=\"1.925\" \/><\/a><\/figure>\n<div class=\"liquid-blog-item-inner\">\n\t\n\t<a href=\"https:\/\/atakalibrasyon.com.tr\/index.php\/2018\/08\/22\/business-meeting-2017-in-london-3-2\/\" class=\"liquid-overlay-link\">Business meeting 2017 in London<\/a>\n\n\t<header class=\"liquid-lp-header\">\n\n\t\t<h2 class=\"liquid-lp-title font-weight-bold h3 size-sm\">\n\t\t\t<a href=\"https:\/\/atakalibrasyon.com.tr\/index.php\/2018\/08\/22\/business-meeting-2017-in-london-3-2\/\" data-split-text=\"true\" data-split-options='{ \"type\": \"lines\" }'>Business meeting 2017 in London<\/a>\n\t\t<\/h2>\n\n\t\t<div class=\"liquid-lp-details\">\n\t\t\t<time class=\"liquid-lp-date\" datetime=\"2018-08-22T10:13:51+03:00\">8 sene ago<\/time>\n\t\t\tin\t\t\t<span><span class=\"screen-reader-text\">Tags <\/span><ul class=\"liquid-lp-category \"><li><a href=\"https:\/\/atakalibrasyon.com.tr\/index.php\/tag\/news\/\" rel=\"tag\">News<\/a><\/li><\/ul><\/span>\t\t<\/div><!-- \/.liquid-lp-details -->\n\n\t<\/header>\n\t\n\t\t\t\t<div class=\"liquid-lp-excerpt entry-summary \">\n\t\t\t\t<p>[vc_row][vc_column][vc_empty_space height=&#8221;2em&#8221;][vc_column_text] \u201cSuccess is the result of perfection, hard work, learning from failure, loyalty, and persistence\u201d Colin Powell [\/vc_column_text][vc_empty_space height=&#8221;2em&#8221;][vc_column_text]Let me share with you one of my favorite quotes, as stated in that quote, there<\/p>\n\t\t\t<\/div><!-- \/.latest-post-excerpt -->\n\t\t\t\n\t<footer class=\"liquid-lp-footer\">\n\t\t<a href=\"https:\/\/atakalibrasyon.com.tr\/index.php\/2018\/08\/22\/business-meeting-2017-in-london-3-2\/\" class=\"btn btn-naked text-uppercase ltr-sp-1 size-sm font-weight-bold liquid-lp-read-more\">\n\t\t\t<span>\n\t\t\t\t<span class=\"btn-line btn-line-before\"><\/span>\n\t\t\t\t<span class=\"btn-txt\">Continue Reading<\/span>\n\t\t\t\t<span class=\"btn-line btn-line-after\"><\/span>\n\t\t\t<\/span>\n\t\t<\/a>\n\t<\/footer>\n\t\n<\/div><!-- \/.liquid-blog-item-inner -->\n<\/article><\/div><div class=\"col-md-12\"><article id=\"post-3647\" class=\"liquid-lp liquid-blog-item liquid-blog-item-grid liquid-blog-scheme-dark post-3647 post type-post status-publish format-standard has-post-thumbnail hentry category-classic category-lifestyle tag-event\"><figure class=\"liquid-lp-media \"  data-responsive-bg=\"true\" data-parallax=\"true\" data-parallax-options='{ \"parallaxBG\": true }'><a  href=\"https:\/\/atakalibrasyon.com.tr\/index.php\/2018\/08\/22\/combing-hair-10-tips-for-proper-hair-combing-3\/\"><img width=\"770\" height=\"400\" src=\"data:image\/svg+xml;charset=utf-8,&lt;svg xmlns%3D&#039;http%3A%2F%2Fwww.w3.org%2F2000%2Fsvg&#039; viewBox%3D&#039;0 0 770 400&#039;%2F&gt;\" class=\"attachment-liquid-classic-full-blog size-liquid-classic-full-blog ld-lazyload wp-post-image\" alt=\"\" decoding=\"async\" loading=\"lazy\" srcset=\"\" sizes=\"(max-width: 770px) 100vw, 770px\" data-src=\"https:\/\/atakalibrasyon.com.tr\/wp-content\/uploads\/2018\/08\/alphacolor-13-427622-2-min-1-770x400.jpg\" data-srcset=\"https:\/\/atakalibrasyon.com.tr\/wp-content\/uploads\/2018\/08\/alphacolor-13-427622-2-min-1-770x400.jpg 770w, https:\/\/atakalibrasyon.com.tr\/wp-content\/uploads\/2018\/08\/alphacolor-13-427622-2-min-1-600x311.jpg 600w, https:\/\/atakalibrasyon.com.tr\/wp-content\/uploads\/2018\/08\/alphacolor-13-427622-2-min-1-300x155.jpg 300w, https:\/\/atakalibrasyon.com.tr\/wp-content\/uploads\/2018\/08\/alphacolor-13-427622-2-min-1-768x398.jpg 768w, https:\/\/atakalibrasyon.com.tr\/wp-content\/uploads\/2018\/08\/alphacolor-13-427622-2-min-1.jpg 962w\" data-aspect=\"1.925\" \/><\/a><\/figure>\n<div class=\"liquid-blog-item-inner\">\n\t\n\t<a href=\"https:\/\/atakalibrasyon.com.tr\/index.php\/2018\/08\/22\/combing-hair-10-tips-for-proper-hair-combing-3\/\" class=\"liquid-overlay-link\">Combing hair 10 tips for proper hair combing<\/a>\n\n\t<header class=\"liquid-lp-header\">\n\n\t\t<h2 class=\"liquid-lp-title font-weight-bold h3 size-sm\">\n\t\t\t<a href=\"https:\/\/atakalibrasyon.com.tr\/index.php\/2018\/08\/22\/combing-hair-10-tips-for-proper-hair-combing-3\/\" data-split-text=\"true\" data-split-options='{ \"type\": \"lines\" }'>Combing hair 10 tips for proper hair combing<\/a>\n\t\t<\/h2>\n\n\t\t<div class=\"liquid-lp-details\">\n\t\t\t<time class=\"liquid-lp-date\" datetime=\"2018-08-22T10:13:08+03:00\">8 sene ago<\/time>\n\t\t\tin\t\t\t<span><span class=\"screen-reader-text\">Tags <\/span><ul class=\"liquid-lp-category \"><li><a href=\"https:\/\/atakalibrasyon.com.tr\/index.php\/tag\/event\/\" rel=\"tag\">Event<\/a><\/li><\/ul><\/span>\t\t<\/div><!-- \/.liquid-lp-details -->\n\n\t<\/header>\n\t\n\t\t\t\t<div class=\"liquid-lp-excerpt entry-summary \">\n\t\t\t\t<p>[vc_row][vc_column][vc_column_text] Never ever think of giving up. Winners never quit and quitters never win. Take all negative words out of your mental dictionary and focus on the solutions with utmost conviction and patience. The battle<\/p>\n\t\t\t<\/div><!-- \/.latest-post-excerpt -->\n\t\t\t\n\t<footer class=\"liquid-lp-footer\">\n\t\t<a href=\"https:\/\/atakalibrasyon.com.tr\/index.php\/2018\/08\/22\/combing-hair-10-tips-for-proper-hair-combing-3\/\" class=\"btn btn-naked text-uppercase ltr-sp-1 size-sm font-weight-bold liquid-lp-read-more\">\n\t\t\t<span>\n\t\t\t\t<span class=\"btn-line btn-line-before\"><\/span>\n\t\t\t\t<span class=\"btn-txt\">Continue Reading<\/span>\n\t\t\t\t<span class=\"btn-line btn-line-after\"><\/span>\n\t\t\t<\/span>\n\t\t<\/a>\n\t<\/footer>\n\t\n<\/div><!-- \/.liquid-blog-item-inner -->\n<\/article><\/div><\/div><!--\/ .row --><\/div><!--\/ .liquid-blog-posts -->[\/vc_column][vc_column offset=&#8221;vc_col-md-offset-1 vc_col-md-3&#8243;][vc_widget_sidebar sidebar_id=&#8221;main&#8221;][\/vc_column][\/vc_row]<\/p>\n","protected":false},"excerpt":{"rendered":"<p>[vc_row css=&#8221;.vc_custom_1540466790837{padding-top: 70px !important;padding-bottom: 80px !important;}&#8221;][vc_column offset=&#8221;vc_col-md-8&#8243;][\/vc_column][vc_column offset=&#8221;vc_col-md-offset-1 vc_col-md-3&#8243;][vc_widget_sidebar sidebar_id=&#8221;main&#8221;][\/vc_column][\/vc_row]<\/p>\n","protected":false},"author":1,"featured_media":0,"parent":0,"menu_order":0,"comment_status":"closed","ping_status":"closed","template":"","meta":[],"_links":{"self":[{"href":"https:\/\/atakalibrasyon.com.tr\/index.php\/wp-json\/wp\/v2\/pages\/3634"}],"collection":[{"href":"https:\/\/atakalibrasyon.com.tr\/index.php\/wp-json\/wp\/v2\/pages"}],"about":[{"href":"https:\/\/atakalibrasyon.com.tr\/index.php\/wp-json\/wp\/v2\/types\/page"}],"author":[{"embeddable":true,"href":"https:\/\/atakalibrasyon.com.tr\/index.php\/wp-json\/wp\/v2\/users\/1"}],"replies":[{"embeddable":true,"href":"https:\/\/atakalibrasyon.com.tr\/index.php\/wp-json\/wp\/v2\/comments?post=3634"}],"version-history":[{"count":0,"href":"https:\/\/atakalibrasyon.com.tr\/index.php\/wp-json\/wp\/v2\/pages\/3634\/revisions"}],"wp:attachment":[{"href":"https:\/\/atakalibrasyon.com.tr\/index.php\/wp-json\/wp\/v2\/media?parent=3634"}],"curies":[{"name":"wp","href":"https:\/\/api.w.org\/{rel}","templated":true}]}}