{"id":7115,"date":"2020-05-30T11:14:13","date_gmt":"2020-05-30T08:14:13","guid":{"rendered":"http:\/\/atakalibrasyon.com.tr\/?post_type=product&#038;p=7115"},"modified":"2020-05-30T11:14:14","modified_gmt":"2020-05-30T08:14:14","slug":"ata-d40-sicaklik-kalibratoru","status":"publish","type":"product","link":"http:\/\/atakalibrasyon.com.tr\/index.php\/urun\/ata-d40-sicaklik-kalibratoru\/","title":{"rendered":"Ata D40, S\u0131cakl\u0131k kalibrat\u00f6r\u00fc"},"content":{"rendered":"<h4>S\u0131cakl\u0131k Kalibrat\u00f6r\u00fc ATA D40<\/h4>\n<ul>\n<li>Model\u00a0\u00a0\u00a0\u00a0\u00a0\u00a0\u00a0\u00a0\u00a0\u00a0\u00a0\u00a0\u00a0\u00a0\u00a0\u00a0\u00a0\u00a0\u00a0\u00a0 : ATA D40<\/li>\n<li>Kullan\u0131m Aral\u0131\u011f\u0131\u00a0\u00a0\u00a0\u00a0\u00a0 \u00a0 : Ortamdan &#8211; 40 \/ 120\u00b0C<\/li>\n<li>Stabilizasyon\u00a0\u00a0\u00a0\u00a0\u00a0\u00a0 \u00a0 \u00a0 : \u00b1 0.03\u00b0C<\/li>\n<li>Homojenite\u00a0\u00a0\u00a0\u00a0\u00a0\u00a0\u00a0\u00a0\u00a0\u00a0 \u00a0 :\u00a0\u00b1 0.5 maksimum.<\/li>\n<\/ul>\n<p>(Standart Dengeleme Blo\u011fu)<\/p>\n<h5><strong>\u00c7\u00f6z\u00fcn\u00fcrl\u00fck<\/strong><\/h5>\n<ul>\n<li>Kontroler \u00a0\u00a0\u00a0\u00a0\u00a0\u00a0\u00a0\u00a0\u00a0\u00a0\u00a0\u00a0\u00a0\u00a0\u00a0\u00a0 : 0.1\u00b0C<\/li>\n<li>Besleme Voltaj\u0131\u00a0\u00a0\u00a0\u00a0\u00a0 \u00a0\u00a0 : 220 Volt \/ 50 Hz<\/li>\n<\/ul>\n<p>&nbsp;<\/p>\n<p><strong>Boyutlar<\/strong><\/p>\n<ul>\n<li>Y\u00fckseklik\u00a0\u00a0\u00a0\u00a0\u00a0\u00a0\u00a0\u00a0\u00a0\u00a0\u00a0\u00a0\u00a0\u00a0\u00a0\u00a0\u00a0 :295 mm<\/li>\n<li>Geni\u015flik\u00a0\u00a0\u00a0\u00a0\u00a0\u00a0\u00a0\u00a0\u00a0\u00a0\u00a0\u00a0\u00a0\u00a0\u00a0\u00a0\u00a0\u00a0\u00a0 :170 mm<\/li>\n<li>Derinlik\u00a0\u00a0\u00a0\u00a0\u00a0\u00a0\u00a0\u00a0\u00a0\u00a0\u00a0\u00a0\u00a0\u00a0\u00a0\u00a0\u00a0\u00a0\u00a0\u00a0 :260 mm<\/li>\n<li>A\u011f\u0131rl\u0131k\u00a0\u00a0\u00a0\u00a0\u00a0\u00a0\u00a0\u00a0\u00a0\u00a0\u00a0\u00a0\u00a0\u00a0\u00a0\u00a0\u00a0\u00a0\u00a0\u00a0\u00a0\u00a0 :7 kg<\/li>\n<\/ul>\n<p>&nbsp;<\/p>\n<p>ATA D40 s\u0131cakl\u0131k kalibrat\u00f6r\u00fc Laboratuvar ve saha \u00e7al\u0131\u015fmalar\u0131na y\u00f6nelik olarak dizayn edilmi\u015ftir.<\/p>\n<p>Ta\u015f\u0131nabilir \u00f6zelli\u011fi ve kolay kullan\u0131m fonksiyonlar\u0131 ile sens\u00f6r ve g\u00f6sterge ba\u011flant\u0131l\u0131\u00a0 t\u00fcm s\u0131cakl\u0131k \u00f6l\u00e7erlerin ( say\u0131sal termometre ), ,termokupl ve diren\u00e7 termometrelerinin ISO 9001 gereklerine uygun olarak h\u0131zl\u0131 ve hassas kalibre edilmesi i\u00e7in tasarlanm\u0131\u015ft\u0131r.<\/p>\n<p>Standart Dengeleme Blo\u011fu\u00a0 birden fazla sens\u00f6r\u00fcn bir arada kalibre edilmesine olanak sa\u011flar<br \/>\nDelik \u00c7aplar\u0131 m\u00fc\u015fteri iste\u011fine g\u00f6re \/ kalibre edilecek sens\u00f6r \u00e7aplar\u0131na uygun olarak \u00fcretilir.<\/p>\n<ul>\n<li>Dengeleme Blo\u011fo \u00c7ap\u0131\u00a0\u00a0 : 20 mm<\/li>\n<li>Dengeleme Blo\u011fu Boyu\u00a0 : 120 mm<\/li>\n<\/ul>\n<p><strong>ATA D40 S\u0131cakl\u0131k Kalibrat\u00f6r\u00fc Standart Paketi ;<\/strong><\/p>\n<ul>\n<li>ISO 9001 Gereklerine uygun ulusal \/ uluslararas\u0131 \u00f6l\u00e7\u00fcm standartlar\u0131na izlenebilir Kalibrasyon\u00a0 Sertifikas\u0131<\/li>\n<li>Standart Dengeleme Blo\u011fu<\/li>\n<\/ul>\n<p><strong>ATA\u00a0D40 S\u0131cakl\u0131k Kalibrat\u00f6r\u00fc Opsiyonel Paketi ;<\/strong><\/p>\n<ul>\n<li>Ta\u015f\u0131ma \u00c7antas\u0131<\/li>\n<li>\u0130\u015flenmemi\u015f dengeleme Blo\u011fu<\/li>\n<\/ul>\n","protected":false},"excerpt":{"rendered":"<p>S\u0131cakl\u0131k Kalibrat\u00f6r\u00fc ATA D40 Model\u00a0\u00a0\u00a0\u00a0\u00a0\u00a0\u00a0\u00a0\u00a0\u00a0\u00a0\u00a0\u00a0\u00a0\u00a0\u00a0\u00a0\u00a0\u00a0\u00a0 : ATA D40 Kullan\u0131m Aral\u0131\u011f\u0131\u00a0\u00a0\u00a0\u00a0\u00a0 \u00a0 : Ortamdan &#8211; 40&#8230;<\/p>\n","protected":false},"featured_media":7116,"comment_status":"open","ping_status":"closed","template":"","meta":[],"product_cat":[101,102],"product_tag":[103,104],"_links":{"self":[{"href":"http:\/\/atakalibrasyon.com.tr\/index.php\/wp-json\/wp\/v2\/product\/7115"}],"collection":[{"href":"http:\/\/atakalibrasyon.com.tr\/index.php\/wp-json\/wp\/v2\/product"}],"about":[{"href":"http:\/\/atakalibrasyon.com.tr\/index.php\/wp-json\/wp\/v2\/types\/product"}],"replies":[{"embeddable":true,"href":"http:\/\/atakalibrasyon.com.tr\/index.php\/wp-json\/wp\/v2\/comments?post=7115"}],"wp:featuredmedia":[{"embeddable":true,"href":"http:\/\/atakalibrasyon.com.tr\/index.php\/wp-json\/wp\/v2\/media\/7116"}],"wp:attachment":[{"href":"http:\/\/atakalibrasyon.com.tr\/index.php\/wp-json\/wp\/v2\/media?parent=7115"}],"wp:term":[{"taxonomy":"product_cat","embeddable":true,"href":"http:\/\/atakalibrasyon.com.tr\/index.php\/wp-json\/wp\/v2\/product_cat?post=7115"},{"taxonomy":"product_tag","embeddable":true,"href":"http:\/\/atakalibrasyon.com.tr\/index.php\/wp-json\/wp\/v2\/product_tag?post=7115"}],"curies":[{"name":"wp","href":"https:\/\/api.w.org\/{rel}","templated":true}]}}