{"id":855,"date":"2018-07-31T13:00:23","date_gmt":"2018-07-31T13:00:23","guid":{"rendered":"http:\/\/original.liquid-themes.com\/?page_id=855"},"modified":"2018-07-31T13:00:23","modified_gmt":"2018-07-31T13:00:23","slug":"about-business","status":"publish","type":"page","link":"http:\/\/atakalibrasyon.com.tr\/index.php\/about-business\/","title":{"rendered":"Hakk\u0131m\u0131zda"},"content":{"rendered":"<p>[vc_row equal_height=&#8221;yes&#8221; enable_content_animation=&#8221;yes&#8221; ca_init_scale_x=&#8221;1&#8243; ca_init_scale_y=&#8221;1&#8243; ca_init_scale_z=&#8221;1&#8243; ca_init_opacity=&#8221;0&#8243; ca_an_scale_x=&#8221;1&#8243; ca_an_scale_y=&#8221;1&#8243; ca_an_scale_z=&#8221;1&#8243; ca_an_opacity=&#8221;1&#8243; css=&#8221;.vc_custom_1539340244163{padding-top: 90px !important;padding-bottom: 30px !important;}&#8221; ca_duration=&#8221;1200&#8243; ca_delay=&#8221;150&#8243; ca_init_translate_y=&#8221;51&#8243;][vc_column align=&#8221;text-center&#8221; offset=&#8221;vc_col-md-offset-2 vc_col-md-8&#8243;]<style>.ld_fancy_heading_69f230549ed59 .lqd-highlight-inner{height:0.275em;bottom:0px;}<\/style><div class=\"ld-fancy-heading ld_fancy_heading_69f230549ed59\">\n\t<h2 class=\"lqd-highlight-underline lqd-highlight-grow-left\" ><span class=\"ld-fh-txt\"> ATA KAL\u0130BRASYON<\/span><\/h2><\/div>[vc_column_text]Ata Kalibrasyon San. ve Tic.Ltd. \u015eti., izlenebilir kalibrasyon faaliyetleri, kalibrasyon sistem dan\u0131\u015fmanl\u0131\u011f\u0131, cihaz &#8211; kalibrat\u00f6r sat\u0131\u015f\u0131 ve kalibrasyon uzmanl\u0131k e\u011fitimleri konular\u0131nda sanayinin farkl\u0131 alanlar\u0131ndaki kurulu\u015flara uzun y\u0131llar verilen ba\u015far\u0131l\u0131 hizmetlerin olu\u015fturdu\u011fu tecr\u00fcbe, g\u00fcven ve bilgi birikiminin rehberli\u011finde 31.12.2003 tarihinde kurulmu\u015ftur.<\/p>\n<p>Boyutsal, bas\u0131n\u00e7, terazi, s\u0131cakl\u0131k, kuvvet, medikal ve ihtiyaca y\u00f6nelik di\u011fer kalibrasyon hizmetlerinin yan\u0131s\u0131ra saha \u00e7al\u0131\u015fmalar\u0131 ile de sanayinin ihtiya\u00e7 duydu\u011fu alanlarda ulusal \/ uluslararas\u0131 standartlarda izlenebilir kalibrasyon hizmetleri ile m\u00fc\u015fteri beklentilerine cevap vermeyi ama\u00e7layan laboratuvar\u0131m\u0131z; cam malzeme, h\u0131z-devir-metraj, nem \u00f6l\u00e7er kalibrasyonlar\u0131 ve bir dizi di\u011fer alanlarda da izlenebilir kalibrasyon hizmetleri vermektedir. Ayr\u0131ca kalibrasyon sistem dan\u0131\u015fmanl\u0131\u011f\u0131 ve firmalar b\u00fcnyesinde olu\u015fturulacak kalibrasyon laboratuvarlar\u0131n\u0131n kurulmas\u0131 i\u00e7in destek ve dan\u0131\u015fmanl\u0131k hizmetleri, cihaz &#8211; kalibrat\u00f6r \u00fcretimi ve sat\u0131\u015f &#8211; pazarlamas\u0131 da faaliyetlerimiz kapsam\u0131ndad\u0131r.[\/vc_column_text]<style>.ld_spacer_69f230549f191{height:75px;}<\/style>\n<div class=\"ld-empty-space ld_spacer_69f230549f191\"><span class=\"liquid_empty_space_inner\"><\/span><\/div>[\/vc_column][vc_column width=&#8221;1\/2&#8243; offset=&#8221;vc_col-md-4&#8243; css=&#8221;.vc_custom_1533044057740{padding-right: 20% !important;padding-left: 20% !important;}&#8221;]<style>.ld_icon_box_69f230549f3a8 h3{margin-bottom:1px;}.ld_icon_box_69f230549f3a8 .iconbox-icon-container{border-radius:px;}<\/style>\n<div class=\"iconbox iconbox-xl iconbox-heading-sm ld_icon_box_69f230549f3a8\" id=\"ld_icon_box_69f230549f3a8\"   >\n\t\n\t\t<div class=\"iconbox-icon-wrap\"><span class=\"iconbox-icon-container\"><i class=\"icon-basic_hammer\"><\/i><\/span><\/div><!-- \/.iconbox-icon-wrap -->\t\n\t\t\n\t<div class=\"contents\">\t\n\t<h3 class=\"font-weight-semibold\" >Bas\u0131n\u00e7<\/h3>\t<p>Kalibrasyonu<\/p>\n\t\t\n\t<\/div>\t\n\t\n<\/div>\n<style>.ld_spacer_69f230549f618{height:32px;}<\/style>\n<div class=\"ld-empty-space ld_spacer_69f230549f618\"><span class=\"liquid_empty_space_inner\"><\/span><\/div>[\/vc_column][vc_column width=&#8221;1\/2&#8243; offset=&#8221;vc_col-md-4&#8243; css=&#8221;.vc_custom_1533044063208{padding-right: 20% !important;padding-left: 20% !important;}&#8221;]<style>.ld_icon_box_69f230549f7a0 h3{margin-bottom:1px;}.ld_icon_box_69f230549f7a0 .iconbox-icon-container{border-radius:px;}<\/style>\n<div class=\"iconbox iconbox-xl iconbox-heading-sm ld_icon_box_69f230549f7a0\" id=\"ld_icon_box_69f230549f7a0\"   >\n\t\n\t\t<div class=\"iconbox-icon-wrap\"><span class=\"iconbox-icon-container\"><i class=\"icon-et-beaker\"><\/i><\/span><\/div><!-- \/.iconbox-icon-wrap -->\t\n\t\t\n\t<div class=\"contents\">\t\n\t<h3 class=\"font-weight-semibold\" >Biyo Medikal<\/h3>\t<p>Kalibrasyon<\/p>\n\t\t\n\t<\/div>\t\n\t\n<\/div>\n<style>.ld_spacer_69f230549f94b{height:32px;}<\/style>\n<div class=\"ld-empty-space ld_spacer_69f230549f94b\"><span class=\"liquid_empty_space_inner\"><\/span><\/div>[\/vc_column][vc_column width=&#8221;1\/2&#8243; offset=&#8221;vc_col-md-4&#8243; css=&#8221;.vc_custom_1533044069936{padding-right: 20% !important;padding-left: 20% !important;}&#8221;]<style>.ld_icon_box_69f230549fac3 h3{margin-bottom:1px;}.ld_icon_box_69f230549fac3 .iconbox-icon-container{border-radius:px;}<\/style>\n<div class=\"iconbox iconbox-xl iconbox-heading-sm ld_icon_box_69f230549fac3\" id=\"ld_icon_box_69f230549fac3\"   >\n\t\n\t\t<div class=\"iconbox-icon-wrap\"><span class=\"iconbox-icon-container\"><i class=\"icon-et-focus\"><\/i><\/span><\/div><!-- \/.iconbox-icon-wrap -->\t\n\t\t\n\t<div class=\"contents\">\t\n\t<h3 class=\"font-weight-semibold\" >Boyutsal<\/h3>\t<p>Kalibrasyon<\/p>\n\t\t\n\t<\/div>\t\n\t\n<\/div>\n<style>.ld_spacer_69f230549fc39{height:32px;}<\/style>\n<div class=\"ld-empty-space ld_spacer_69f230549fc39\"><span class=\"liquid_empty_space_inner\"><\/span><\/div>[\/vc_column][vc_column width=&#8221;1\/2&#8243; offset=&#8221;vc_col-md-4&#8243; css=&#8221;.vc_custom_1533044084269{padding-right: 20% !important;padding-left: 20% !important;}&#8221;]<style>.ld_icon_box_69f230549fdac h3{margin-bottom:1px;}.ld_icon_box_69f230549fdac .iconbox-icon-container{border-radius:px;}<\/style>\n<div class=\"iconbox iconbox-xl iconbox-heading-sm ld_icon_box_69f230549fdac\" id=\"ld_icon_box_69f230549fdac\"   >\n\t\n\t\t<div class=\"iconbox-icon-wrap\"><span class=\"iconbox-icon-container\"><i class=\"icon-et-expand\"><\/i><\/span><\/div><!-- \/.iconbox-icon-wrap -->\t\n\t\t\n\t<div class=\"contents\">\t\n\t<h3 class=\"font-weight-semibold\" >Hacim<\/h3>\t<p>Kalibrasyonu<\/p>\n\t\t\n\t<\/div>\t\n\t\n<\/div>\n<style>.ld_spacer_69f230549ff25{height:32px;}<\/style>\n<div class=\"ld-empty-space ld_spacer_69f230549ff25\"><span class=\"liquid_empty_space_inner\"><\/span><\/div>[\/vc_column][vc_column width=&#8221;1\/2&#8243; offset=&#8221;vc_col-md-4&#8243; css=&#8221;.vc_custom_1533044091761{padding-right: 20% !important;padding-left: 20% !important;}&#8221;]<style>.ld_icon_box_69f23054a0088 h3{margin-bottom:1px;}.ld_icon_box_69f23054a0088 .iconbox-icon-container{border-radius:px;}<\/style>\n<div class=\"iconbox iconbox-xl iconbox-heading-sm ld_icon_box_69f23054a0088\" id=\"ld_icon_box_69f23054a0088\"   >\n\t\n\t\t<div class=\"iconbox-icon-wrap\"><span class=\"iconbox-icon-container\"><i class=\"icon-basic_anticlockwise\"><\/i><\/span><\/div><!-- \/.iconbox-icon-wrap -->\t\n\t\t\n\t<div class=\"contents\">\t\n\t<h3 class=\"font-weight-semibold\" >Devir ve Zaman<\/h3>\t<p>Kalibrasyonu<\/p>\n\t\t\n\t<\/div>\t\n\t\n<\/div>\n<style>.ld_spacer_69f23054a0200{height:32px;}<\/style>\n<div class=\"ld-empty-space ld_spacer_69f23054a0200\"><span class=\"liquid_empty_space_inner\"><\/span><\/div>[\/vc_column][vc_column width=&#8221;1\/2&#8243; offset=&#8221;vc_col-md-4&#8243; css=&#8221;.vc_custom_1533044097340{padding-right: 20% !important;padding-left: 20% !important;}&#8221;]<style>.ld_icon_box_69f23054a0377 h3{margin-bottom:1px;}.ld_icon_box_69f23054a0377 .iconbox-icon-container{border-radius:px;}<\/style>\n<div class=\"iconbox iconbox-xl iconbox-heading-sm ld_icon_box_69f23054a0377\" id=\"ld_icon_box_69f23054a0377\"   >\n\t\n\t\t<div class=\"iconbox-icon-wrap\"><span class=\"iconbox-icon-container\"><i class=\"icon-weather_lightning\"><\/i><\/span><\/div><!-- \/.iconbox-icon-wrap -->\t\n\t\t\n\t<div class=\"contents\">\t\n\t<h3 class=\"font-weight-semibold\" >Elektriksel<\/h3>\t<p>Kalibrasyon<\/p>\n\t\t\n\t<\/div>\t\n\t\n<\/div>\n<style>.ld_spacer_69f23054a04ed{height:32px;}<\/style>\n<div class=\"ld-empty-space ld_spacer_69f23054a04ed\"><span class=\"liquid_empty_space_inner\"><\/span><\/div>[\/vc_column][\/vc_row][vc_row equal_height=&#8221;yes&#8221; enable_content_animation=&#8221;yes&#8221; ca_init_scale_x=&#8221;1&#8243; ca_init_scale_y=&#8221;1&#8243; ca_init_scale_z=&#8221;1&#8243; ca_init_opacity=&#8221;0&#8243; ca_an_scale_x=&#8221;1&#8243; ca_an_scale_y=&#8221;1&#8243; ca_an_scale_z=&#8221;1&#8243; ca_an_opacity=&#8221;1&#8243; css=&#8221;.vc_custom_1539340244163{padding-top: 90px !important;padding-bottom: 30px !important;}&#8221; ca_duration=&#8221;1200&#8243; ca_delay=&#8221;150&#8243; ca_init_translate_y=&#8221;51&#8243;][vc_column width=&#8221;1\/2&#8243; offset=&#8221;vc_col-md-4&#8243; css=&#8221;.vc_custom_1533044057740{padding-right: 20% !important;padding-left: 20% !important;}&#8221;]<style>.ld_icon_box_69f23054a0676 h3{margin-bottom:1px;}.ld_icon_box_69f23054a0676 .iconbox-icon-container{border-radius:px;}<\/style>\n<div class=\"iconbox iconbox-xl iconbox-heading-sm ld_icon_box_69f23054a0676\" id=\"ld_icon_box_69f23054a0676\"   >\n\t\n\t\t<div class=\"iconbox-icon-wrap\"><span class=\"iconbox-icon-container\"><i class=\"icon-ion-ios-fitness\"><\/i><\/span><\/div><!-- \/.iconbox-icon-wrap -->\t\n\t\t\n\t<div class=\"contents\">\t\n\t<h3 class=\"font-weight-semibold\" >Kuvvet<\/h3>\t<p>Kalibrasyonu<\/p>\n\t\t\n\t<\/div>\t\n\t\n<\/div>\n<style>.ld_spacer_69f23054a07fc{height:32px;}<\/style>\n<div class=\"ld-empty-space ld_spacer_69f23054a07fc\"><span class=\"liquid_empty_space_inner\"><\/span><\/div>[\/vc_column][vc_column width=&#8221;1\/2&#8243; offset=&#8221;vc_col-md-4&#8243; css=&#8221;.vc_custom_1533044063208{padding-right: 20% !important;padding-left: 20% !important;}&#8221;]<style>.ld_icon_box_69f23054a096b h3{margin-bottom:1px;}.ld_icon_box_69f23054a096b .iconbox-icon-container{border-radius:px;}<\/style>\n<div class=\"iconbox iconbox-xl iconbox-heading-sm ld_icon_box_69f23054a096b\" id=\"ld_icon_box_69f23054a096b\"   >\n\t\n\t\t<div class=\"iconbox-icon-wrap\"><span class=\"iconbox-icon-container\"><i class=\"icon-md-code-download\"><\/i><\/span><\/div><!-- \/.iconbox-icon-wrap -->\t\n\t\t\n\t<div class=\"contents\">\t\n\t<h3 class=\"font-weight-semibold\" >K\u00fctle ve Terazi<\/h3>\t<p>Kalibrasyon<\/p>\n\t\t\n\t<\/div>\t\n\t\n<\/div>\n<style>.ld_spacer_69f23054a0ad8{height:32px;}<\/style>\n<div class=\"ld-empty-space ld_spacer_69f23054a0ad8\"><span class=\"liquid_empty_space_inner\"><\/span><\/div>[\/vc_column][vc_column width=&#8221;1\/2&#8243; offset=&#8221;vc_col-md-4&#8243; css=&#8221;.vc_custom_1533044069936{padding-right: 20% !important;padding-left: 20% !important;}&#8221;]<style>.ld_icon_box_69f23054a0c39 h3{margin-bottom:1px;}.ld_icon_box_69f23054a0c39 .iconbox-icon-container{border-radius:px;}<\/style>\n<div class=\"iconbox iconbox-xl iconbox-heading-sm ld_icon_box_69f23054a0c39\" id=\"ld_icon_box_69f23054a0c39\"   >\n\t\n\t\t<div class=\"iconbox-icon-wrap\"><span class=\"iconbox-icon-container\"><i class=\"icon-music_record\"><\/i><\/span><\/div><!-- \/.iconbox-icon-wrap -->\t\n\t\t\n\t<div class=\"contents\">\t\n\t<h3 class=\"font-weight-semibold\" >Plastik Test Cihazlar\u0131<\/h3>\t<p>Kalibrasyonu<\/p>\n\t\t\n\t<\/div>\t\n\t\n<\/div>\n<style>.ld_spacer_69f23054a0db8{height:32px;}<\/style>\n<div class=\"ld-empty-space ld_spacer_69f23054a0db8\"><span class=\"liquid_empty_space_inner\"><\/span><\/div>[\/vc_column][vc_column width=&#8221;1\/2&#8243; offset=&#8221;vc_col-md-4&#8243; css=&#8221;.vc_custom_1533044084269{padding-right: 20% !important;padding-left: 20% !important;}&#8221;]<style>.ld_icon_box_69f23054a0f2f h3{margin-bottom:1px;}.ld_icon_box_69f23054a0f2f .iconbox-icon-container{border-radius:px;}<\/style>\n<div class=\"iconbox iconbox-xl iconbox-heading-sm ld_icon_box_69f23054a0f2f\" id=\"ld_icon_box_69f23054a0f2f\"   >\n\t\n\t\t<div class=\"iconbox-icon-wrap\"><span class=\"iconbox-icon-container\"><i class=\"icon-weather_aquarius\"><\/i><\/span><\/div><!-- \/.iconbox-icon-wrap -->\t\n\t\t\n\t<div class=\"contents\">\t\n\t<h3 class=\"font-weight-semibold\" >S\u0131cakl\u0131k ve Nem<\/h3>\t<p>Kalibrasyonu<\/p>\n\t\t\n\t<\/div>\t\n\t\n<\/div>\n<style>.ld_spacer_69f23054a10c5{height:32px;}<\/style>\n<div class=\"ld-empty-space ld_spacer_69f23054a10c5\"><span class=\"liquid_empty_space_inner\"><\/span><\/div>[\/vc_column][vc_column width=&#8221;1\/2&#8243; offset=&#8221;vc_col-md-4&#8243; css=&#8221;.vc_custom_1533044091761{padding-right: 20% !important;padding-left: 20% !important;}&#8221;]<style>.ld_icon_box_69f23054a1240 h3{margin-bottom:1px;}.ld_icon_box_69f23054a1240 .iconbox-icon-container{border-radius:px;}<\/style>\n<div class=\"iconbox iconbox-xl iconbox-heading-sm ld_icon_box_69f23054a1240\" id=\"ld_icon_box_69f23054a1240\"   >\n\t\n\t\t<div class=\"iconbox-icon-wrap\"><span class=\"iconbox-icon-container\"><i class=\"icon-ion-ios-cut\"><\/i><\/span><\/div><!-- \/.iconbox-icon-wrap -->\t\n\t\t\n\t<div class=\"contents\">\t\n\t<h3 class=\"font-weight-semibold\" >Tekstil Test Cihazlar\u0131<\/h3>\t<p>Kalibrasyonu<\/p>\n\t\t\n\t<\/div>\t\n\t\n<\/div>\n<style>.ld_spacer_69f23054a13b6{height:32px;}<\/style>\n<div class=\"ld-empty-space ld_spacer_69f23054a13b6\"><span class=\"liquid_empty_space_inner\"><\/span><\/div>[\/vc_column][vc_column width=&#8221;1\/2&#8243; offset=&#8221;vc_col-md-4&#8243; css=&#8221;.vc_custom_1533044097340{padding-right: 20% !important;padding-left: 20% !important;}&#8221;]<style>.ld_icon_box_69f23054a152b h3{margin-bottom:1px;}.ld_icon_box_69f23054a152b .iconbox-icon-container{border-radius:px;}<\/style>\n<div class=\"iconbox iconbox-xl iconbox-heading-sm ld_icon_box_69f23054a152b\" id=\"ld_icon_box_69f23054a152b\"   >\n\t\n\t\t<div class=\"iconbox-icon-wrap\"><span class=\"iconbox-icon-container\"><i class=\"icon-weather_lightning\"><\/i><\/span><\/div><!-- \/.iconbox-icon-wrap -->\t\n\t\t\n\t<div class=\"contents\">\t\n\t<h3 class=\"font-weight-semibold\" >Elektriksel<\/h3>\t<p>Kalibrasyon<\/p>\n\t\t\n\t<\/div>\t\n\t\n<\/div>\n<style>.ld_spacer_69f23054a16a2{height:32px;}<\/style>\n<div class=\"ld-empty-space ld_spacer_69f23054a16a2\"><span class=\"liquid_empty_space_inner\"><\/span><\/div>[\/vc_column][\/vc_row][vc_row parallax=&#8221;enable_parallax&#8221; bg_position=&#8221;center bottom&#8221; css=&#8221;.vc_custom_1540480181017{margin-top: 30px !important;margin-bottom: 30px !important;padding-top: 110px !important;padding-bottom: 110px !important;background-image: url(http:\/\/original.liquid-themes.com\/wp-content\/uploads\/2018\/10\/testimonials-bg-min.jpg?id=5498) !important;background-position: center;background-repeat: no-repeat !important;background-size: cover !important;}&#8221;][vc_column width=&#8221;1\/2&#8243; align=&#8221;text-center&#8221; offset=&#8221;vc_col-md-3 vc_col-xs-6&#8243;]<style>.ld_counter_69f23054a1789 .liquid-counter-element{font-size:70px;line-height:1.35em;font-weight:600;}.backgroundcliptext .ld_counter_69f23054a1789 > .liquid-counter-element > span{color:rgb(255, 255, 255);}.ld_counter_69f23054a1789 .liquid-counter-text{color:rgb(255, 255, 255);}<\/style><div id=\"ld_counter_69f23054a1789\" class=\"liquid-counter liquid-counter-default ld_counter_69f23054a1789\">\n\t\n\t\t\t<div class=\"liquid-counter-element \" data-enable-counter=\"true\" data-counter-options='{\"targetNumber\":\"700+\",\"blurEffect\":true}'>\n\t\t\t\t\t\t\t\t\t\t\t\t<span>700+<\/span>\t\t<\/div><!-- \/.liquid-counter-element -->\n\t<span class=\"liquid-counter-text liquid-text-bottom\">SUCCESS RATE<\/span>\n<\/div><!-- \/.liquid-counter -->[\/vc_column][vc_column width=&#8221;1\/2&#8243; align=&#8221;text-center&#8221; offset=&#8221;vc_col-md-3 vc_col-xs-6&#8243;]<style>.ld_counter_69f23054a1d6c .liquid-counter-element{font-size:70px;line-height:1.35em;font-weight:600;}.backgroundcliptext .ld_counter_69f23054a1d6c > .liquid-counter-element > span{color:rgb(255, 255, 255);}.ld_counter_69f23054a1d6c .liquid-counter-text{color:rgb(255, 255, 255);}<\/style><div id=\"ld_counter_69f23054a1d6c\" class=\"liquid-counter liquid-counter-default ld_counter_69f23054a1d6c\">\n\t\n\t\t\t<div class=\"liquid-counter-element \" data-enable-counter=\"true\" data-counter-options='{\"targetNumber\":\"217\",\"blurEffect\":true}'>\n\t\t\t\t\t\t\t\t\t\t\t\t<span>217<\/span>\t\t<\/div><!-- \/.liquid-counter-element -->\n\t<span class=\"liquid-counter-text liquid-text-bottom\">SUCCESS RATE<\/span>\n<\/div><!-- \/.liquid-counter -->[\/vc_column][vc_column width=&#8221;1\/2&#8243; align=&#8221;text-center&#8221; offset=&#8221;vc_col-md-3 vc_col-xs-6&#8243;]<style>.ld_counter_69f23054a1e4b .liquid-counter-element{font-size:70px;line-height:1.35em;font-weight:600;}.backgroundcliptext .ld_counter_69f23054a1e4b > .liquid-counter-element > span{color:rgb(255, 255, 255);}.ld_counter_69f23054a1e4b .liquid-counter-text{color:rgb(255, 255, 255);}<\/style><div id=\"ld_counter_69f23054a1e4b\" class=\"liquid-counter liquid-counter-default ld_counter_69f23054a1e4b\">\n\t\n\t\t\t<div class=\"liquid-counter-element \" data-enable-counter=\"true\" data-counter-options='{\"targetNumber\":\"100%\",\"blurEffect\":true}'>\n\t\t\t\t\t\t\t\t\t\t\t\t<span>100%<\/span>\t\t<\/div><!-- \/.liquid-counter-element -->\n\t<span class=\"liquid-counter-text liquid-text-bottom\">SUCCESS RATE<\/span>\n<\/div><!-- \/.liquid-counter -->[\/vc_column][vc_column width=&#8221;1\/2&#8243; align=&#8221;text-center&#8221; offset=&#8221;vc_col-md-3 vc_col-xs-6&#8243;]<style>.ld_counter_69f23054a1f11 .liquid-counter-element{font-size:70px;line-height:1.35em;font-weight:600;}.backgroundcliptext .ld_counter_69f23054a1f11 > .liquid-counter-element > span{color:rgb(255, 255, 255);}.ld_counter_69f23054a1f11 .liquid-counter-text{color:rgb(255, 255, 255);}<\/style><div id=\"ld_counter_69f23054a1f11\" class=\"liquid-counter liquid-counter-default ld_counter_69f23054a1f11\">\n\t\n\t\t\t<div class=\"liquid-counter-element \" data-enable-counter=\"true\" data-counter-options='{\"targetNumber\":\"57x\",\"blurEffect\":true}'>\n\t\t\t\t\t\t\t\t\t\t\t\t<span>57x<\/span>\t\t<\/div><!-- \/.liquid-counter-element -->\n\t<span class=\"liquid-counter-text liquid-text-bottom\">SUCCESS RATE<\/span>\n<\/div><!-- \/.liquid-counter -->[\/vc_column][\/vc_row]<\/p>\n","protected":false},"excerpt":{"rendered":"<p>[vc_row equal_height=&#8221;yes&#8221; enable_content_animation=&#8221;yes&#8221; ca_init_scale_x=&#8221;1&#8243; ca_init_scale_y=&#8221;1&#8243; ca_init_scale_z=&#8221;1&#8243; ca_init_opacity=&#8221;0&#8243; ca_an_scale_x=&#8221;1&#8243; ca_an_scale_y=&#8221;1&#8243; ca_an_scale_z=&#8221;1&#8243; ca_an_opacity=&#8221;1&#8243; css=&#8221;.vc_custom_1539340244163{padding-top: 90px !important;padding-bottom: 30px&#8230;<\/p>\n","protected":false},"author":1,"featured_media":0,"parent":0,"menu_order":0,"comment_status":"closed","ping_status":"closed","template":"","meta":[],"_links":{"self":[{"href":"http:\/\/atakalibrasyon.com.tr\/index.php\/wp-json\/wp\/v2\/pages\/855"}],"collection":[{"href":"http:\/\/atakalibrasyon.com.tr\/index.php\/wp-json\/wp\/v2\/pages"}],"about":[{"href":"http:\/\/atakalibrasyon.com.tr\/index.php\/wp-json\/wp\/v2\/types\/page"}],"author":[{"embeddable":true,"href":"http:\/\/atakalibrasyon.com.tr\/index.php\/wp-json\/wp\/v2\/users\/1"}],"replies":[{"embeddable":true,"href":"http:\/\/atakalibrasyon.com.tr\/index.php\/wp-json\/wp\/v2\/comments?post=855"}],"version-history":[{"count":0,"href":"http:\/\/atakalibrasyon.com.tr\/index.php\/wp-json\/wp\/v2\/pages\/855\/revisions"}],"wp:attachment":[{"href":"http:\/\/atakalibrasyon.com.tr\/index.php\/wp-json\/wp\/v2\/media?parent=855"}],"curies":[{"name":"wp","href":"https:\/\/api.w.org\/{rel}","templated":true}]}}