{"id":6862,"date":"2020-04-14T16:26:41","date_gmt":"2020-04-14T13:26:41","guid":{"rendered":"http:\/\/yeni.atakalibrasyon.com\/?page_id=6862"},"modified":"2020-04-14T16:26:41","modified_gmt":"2020-04-14T13:26:41","slug":"kalite-politikamiz","status":"publish","type":"page","link":"http:\/\/atakalibrasyon.com.tr\/index.php\/kalite-politikamiz\/","title":{"rendered":"Kalite Politikam\u0131z"},"content":{"rendered":"<p>[vc_row content_placement=&#8221;middle&#8221; css=&#8221;.vc_custom_1531992316562{padding-top: 50px !important;padding-bottom: 50px !important;}&#8221;][vc_column offset=&#8221;vc_col-lg-5&#8243; el_class=&#8221;z-index-2&#8243;][vc_row_inner][vc_column_inner enable_content_animation=&#8221;yes&#8221; ca_init_scale_x=&#8221;1&#8243; ca_init_scale_y=&#8221;1&#8243; ca_init_scale_z=&#8221;1&#8243; ca_init_opacity=&#8221;0&#8243; ca_an_scale_x=&#8221;1&#8243; ca_an_scale_y=&#8221;1&#8243; ca_an_scale_z=&#8221;1&#8243; ca_an_opacity=&#8221;1&#8243; ca_duration=&#8221;1200&#8243; ca_delay=&#8221;150&#8243; ca_init_translate_y=&#8221;40&#8243; ca_init_translate_z=&#8221;-156&#8243; ca_init_rotate_x=&#8221;-69&#8243;]<style>.ld_fancy_heading_69e1f043975de h2{font-size:37px;}@media (min-width: 992px) { .ld_fancy_heading_69e1f043975de h2 {margin-bottom:0.75em !important;  }  } .ld_fancy_heading_69e1f043975de .lqd-highlight-inner{height:0.275em;bottom:0px;}@media (min-width: 992px) { .ld_fancy_heading_69e1f043975de h2 {margin-bottom:0.75em !important;  }  } <\/style><div class=\"ld-fancy-heading ld_fancy_heading_69e1f043975de\">\n\t<h2 class=\"lqd-highlight-underline lqd-highlight-grow-left\" ><span class=\"ld-fh-txt\"> Kalite Politikam\u0131z<\/span><\/h2><\/div><style>.ld_fancy_heading_69e1f04397a95 p{font-size:17px;line-height:1.764em;}@media (min-width: 992px) { .ld_fancy_heading_69e1f04397a95 p {margin-right:25% !important; margin-bottom:1.75em !important;  }  } .ld_fancy_heading_69e1f04397a95 .lqd-highlight-inner{height:0.275em;bottom:0px;}@media (min-width: 992px) { .ld_fancy_heading_69e1f04397a95 p {margin-right:25% !important; margin-bottom:1.75em !important;  }  } <\/style><div class=\"ld-fancy-heading ld_fancy_heading_69e1f04397a95\">\n\t<p class=\"lqd-highlight-underline lqd-highlight-grow-left\" data-split-text=\"true\" data-custom-animations=\"true\" data-ca-options='{\"triggerHandler\":\"inview\",\"animationTarget\":\".lqd-lines .split-inner\",\"duration\":700,\"delay\":100,\"easing\":\"easeOutQuint\",\"direction\":\"forward\",\"initValues\":{\"scale\":1},\"animations\":{\"scale\":1}}' data-split-options='{\"type\":\"lines\"}'><span class=\"ld-fh-txt\"> ATA KAL\u0130BRASYON olarak verilen kalibrasyon hizmetlerimizde;<\/span><\/p><\/div><style>.ld_spacer_69e1f04397c0e{height:45px;}<\/style>\n<div class=\"ld-empty-space ld_spacer_69e1f04397c0e\"><span class=\"liquid_empty_space_inner\"><\/span><\/div>[\/vc_column_inner][\/vc_row_inner]<div id=\"ld_images_group_container_69e1f04397d86\" class=\"liquid-img-group-container ld_images_group_container_69e1f04397d86\"  >\n\t<div class=\"liquid-img-group-inner\">\n\t\t<style>.ld_images_group_element_69e1f04397fa0{position:absolute;}@media (min-width: 992px) { .ld_images_group_element_69e1f04397fa0 {right:25% !important; bottom:10% !important;  }  } <\/style><div id=\"ld_images_group_element_69e1f04397fa0\" class=\"liquid-img-group-single ld_images_group_element_69e1f04397fa0\" >\n\t\n\t\t\n\t<div class=\"liquid-img-group-img-container\">\n\t\t\n\t\t\n\t\t\t\t\n\t\t\t\t<div class=\"liquid-img-container-inner\" data-parallax=\"true\" data-parallax-from='{\"translateX\":-25,\"translateY\":49}' data-parallax-to='{\"translateX\":-64,\"translateY\":-132}' data-parallax-options='{\"overflowHidden\":false,\"easing\":\"linear\"}'>\n\t\t\t<figure ><\/figure>\t\t\t\t\t<\/div><!-- \/.liquid-img-container-inner -->\n\t\t\n\t<\/div><!-- \/.liquid-img-group-content -->\n<\/div><!-- \/.liquid-img-group-single -->\n\t\n\t<\/div><!-- \/.liquid-img-group-inner -->\n<\/div><!-- \/.liquid-img-group-container --><div id=\"ld_images_group_container_69e1f04399f46\" class=\"liquid-img-group-container ld_images_group_container_69e1f04399f46\"  >\n\t<div class=\"liquid-img-group-inner\">\n\t\t<style>.ld_images_group_element_69e1f0439a3a3{position:absolute;}@media (min-width: 992px) { .ld_images_group_element_69e1f0439a3a3 {right:3% !important; bottom:-10% !important;  }  } <\/style><div id=\"ld_images_group_element_69e1f0439a3a3\" class=\"liquid-img-group-single ld_images_group_element_69e1f0439a3a3\" >\n\t\n\t\t\n\t<div class=\"liquid-img-group-img-container\">\n\t\t\n\t\t\n\t\t\t\t\n\t\t\t\t<div class=\"liquid-img-container-inner\" data-parallax=\"true\" data-parallax-from='{\"translateX\":-16,\"translateY\":74}' data-parallax-to='{\"translateX\":-10,\"translateY\":-123}' data-parallax-options='{\"overflowHidden\":false,\"easing\":\"linear\"}'>\n\t\t\t<figure ><\/figure>\t\t\t\t\t<\/div><!-- \/.liquid-img-container-inner -->\n\t\t\n\t<\/div><!-- \/.liquid-img-group-content -->\n<\/div><!-- \/.liquid-img-group-single -->\n\t\n\t<\/div><!-- \/.liquid-img-group-inner -->\n<\/div><!-- \/.liquid-img-group-container --><div id=\"ld_images_group_container_69e1f0439b654\" class=\"liquid-img-group-container ld_images_group_container_69e1f0439b654\"  >\n\t<div class=\"liquid-img-group-inner\">\n\t\t<style>.ld_images_group_element_69e1f0439ba70{position:absolute;}@media (min-width: 992px) { .ld_images_group_element_69e1f0439ba70 {right:-14% !important; bottom:10% !important;  }  } <\/style><div id=\"ld_images_group_element_69e1f0439ba70\" class=\"liquid-img-group-single ld_images_group_element_69e1f0439ba70\" >\n\t\n\t\t\n\t<div class=\"liquid-img-group-img-container\">\n\t\t\n\t\t\n\t\t\t\t\n\t\t\t\t<div class=\"liquid-img-container-inner\" data-parallax=\"true\" data-parallax-from='{\"translateX\":-26,\"translateY\":65}' data-parallax-to='{\"translateX\":23,\"translateY\":-113}' data-parallax-options='{\"overflowHidden\":false,\"easing\":\"linear\"}'>\n\t\t\t<figure ><\/figure>\t\t\t\t\t<\/div><!-- \/.liquid-img-container-inner -->\n\t\t\n\t<\/div><!-- \/.liquid-img-group-content -->\n<\/div><!-- \/.liquid-img-group-single -->\n\t\n\t<\/div><!-- \/.liquid-img-group-inner -->\n<\/div><!-- \/.liquid-img-group-container -->[\/vc_column][vc_column offset=&#8221;vc_col-lg-7&#8243;][vc_single_image image=&#8221;6865&#8243; img_size=&#8221;large&#8221;][vc_column_text]<\/p>\n<ul>\n<li>\u0130yi mesleki ve teknik uygulamalar g\u00f6stererek, s\u00fcrekli e\u011fitilen ve becerisi geli\u015ftirilen uzman personeli ve teknolojinin geli\u015fmesi sonucu ihtiya\u00e7 haline gelen de\u011fi\u015fimlere kaynaklar\u0131n sa\u011flanmas\u0131 kabiliyeti ile h\u0131zl\u0131 \u015fekilde cevap vererek ve kaliteyi en \u00fcst seviyede tutarak,<\/li>\n<li>Ulusal\/uluslararas\u0131 standard metodlar\u0131 ve ge\u00e7erli k\u0131l\u0131nm\u0131\u015f i\u00e7sel metodlar\u0131 kullanarak,<\/li>\n<li>Referans standardlar\u0131n uluslararas\u0131 ve laboratuvarlararas\u0131 sisteme g\u00f6re izlenebilirli\u011fini temin ederek, laboratuvarlararas\u0131 kar\u015f\u0131la\u015ft\u0131rmalar yoluyla g\u00fcvenilirli\u011fini s\u00fcrekli k\u0131lacak \u015fekilde, m\u00fc\u015fterinin ihtiya\u00e7 duydu\u011fu \u00f6l\u00e7\u00fcm belirsizliklerini ihmal etmeksizin en k\u00fc\u00e7\u00fck seviyede tutarak,<\/li>\n<li>H\u0131zl\u0131l\u0131k, do\u011fruluk, s\u00fcreklilik, g\u00fcven, e\u015fitlik, tarafs\u0131zl\u0131k ve gizlilik ilkelerinin topyek\u00fcn uygulanmas\u0131 ve m\u00fc\u015fterilerle yap\u0131lan i\u015fbirli\u011finin de yard\u0131m\u0131yla, m\u00fc\u015fteri \u015fikayetlerinin azalt\u0131lmas\u0131 ve dolay\u0131s\u0131 ile m\u00fc\u015fteri memnuniyetinin art\u0131r\u0131lmas\u0131 konusunda gerekli t\u00fcm \u00e7al\u0131\u015fmalar yap\u0131lmaktad\u0131r.<br \/>\nBu ba\u011flamda, kalibrasyon sonu\u00e7lar\u0131n\u0131 olumsuz y\u00f6nde etkileyen fakt\u00f6rlerin ortadan kald\u0131r\u0131lmas\u0131 i\u00e7in Kalite Y\u00f6netim Sistemi i\u00e7inde olu\u015fturulan Kalite El kitab\u0131, prosed\u00fcrler, talimatlar ve di\u011fer dok\u00fcmanlar\u0131n ilgili t\u00fcm personel taraf\u0131ndan okunmas\u0131, anla\u015f\u0131lmas\u0131 ve t\u00fcm uygulamalar\u0131nda etkin \u015fekilde kullanmas\u0131 gerekti\u011fi bilinci temin edilmi\u015ftir. Laboratuar\u0131m\u0131z\u0131n \u00fcst y\u00f6netimi; Kalite Y\u00f6netim Sistemi\u2019ni t\u00fcm personelin katk\u0131s\u0131yla TS EN ISO\/IEC 17025 standard\u0131, m\u00fc\u015fteri \u015fart\u0131 ve yasal \u015fartlara uygun olarak etkin bir \u015fekilde uygulayaca\u011f\u0131n\u0131 ve s\u00fcrekli iyile\u015ftirece\u011fini taahh\u00fct eder.<\/li>\n<\/ul>\n<p>[\/vc_column_text][\/vc_column][vc_column]<style>.ld_spacer_69e1f0439ca5c{height:220px;}<\/style>\n<div class=\"ld-empty-space ld_spacer_69e1f0439ca5c\"><span class=\"liquid_empty_space_inner\"><\/span><\/div>[\/vc_column][\/vc_row]<\/p>\n","protected":false},"excerpt":{"rendered":"<p>[vc_row content_placement=&#8221;middle&#8221; css=&#8221;.vc_custom_1531992316562{padding-top: 50px !important;padding-bottom: 50px !important;}&#8221;][vc_column offset=&#8221;vc_col-lg-5&#8243; el_class=&#8221;z-index-2&#8243;][vc_row_inner][vc_column_inner enable_content_animation=&#8221;yes&#8221; ca_init_scale_x=&#8221;1&#8243; ca_init_scale_y=&#8221;1&#8243; ca_init_scale_z=&#8221;1&#8243; ca_init_opacity=&#8221;0&#8243; ca_an_scale_x=&#8221;1&#8243;&#8230;<\/p>\n","protected":false},"author":1,"featured_media":0,"parent":0,"menu_order":0,"comment_status":"closed","ping_status":"closed","template":"","meta":[],"_links":{"self":[{"href":"http:\/\/atakalibrasyon.com.tr\/index.php\/wp-json\/wp\/v2\/pages\/6862"}],"collection":[{"href":"http:\/\/atakalibrasyon.com.tr\/index.php\/wp-json\/wp\/v2\/pages"}],"about":[{"href":"http:\/\/atakalibrasyon.com.tr\/index.php\/wp-json\/wp\/v2\/types\/page"}],"author":[{"embeddable":true,"href":"http:\/\/atakalibrasyon.com.tr\/index.php\/wp-json\/wp\/v2\/users\/1"}],"replies":[{"embeddable":true,"href":"http:\/\/atakalibrasyon.com.tr\/index.php\/wp-json\/wp\/v2\/comments?post=6862"}],"version-history":[{"count":0,"href":"http:\/\/atakalibrasyon.com.tr\/index.php\/wp-json\/wp\/v2\/pages\/6862\/revisions"}],"wp:attachment":[{"href":"http:\/\/atakalibrasyon.com.tr\/index.php\/wp-json\/wp\/v2\/media?parent=6862"}],"curies":[{"name":"wp","href":"https:\/\/api.w.org\/{rel}","templated":true}]}}