{"id":6347,"date":"2018-11-06T20:07:31","date_gmt":"2018-11-06T20:07:31","guid":{"rendered":"http:\/\/original.liquid-themes.com\/?page_id=6347"},"modified":"2018-11-06T20:07:31","modified_gmt":"2018-11-06T20:07:31","slug":"banka-hesaplarimiz","status":"publish","type":"page","link":"http:\/\/atakalibrasyon.com.tr\/index.php\/banka-hesaplarimiz\/","title":{"rendered":"Banka Hesaplar\u0131m\u0131z"},"content":{"rendered":"<p>[vc_row][vc_column]<div class=\"accordion accordion-md vc_accordion_69e1f03c75dde\" id=\"vc_accordion_69e1f03c75dde\" role=\"tablist\" aria-multiselectable=\"true\">\n\n\t<div class=\"accordion-item panel  \">\n\n\t\t<div class=\"accordion-heading\" role=\"tab\" id=\"heading_1541534823202-ee106b37-3dd3\">\n\t\t\t<h4 class=\"accordion-title\">\n\t\t\t\t<a class=\"collapsed\" data-toggle=\"collapse\" data-parent=\"#vc_accordion_69e1f03c75dde\" href=\"#1541534823202-ee106b37-3dd3\" aria-expanded=\"false\" aria-controls=\"1541534823202-ee106b37-3dd3\">\n\t\t\t\t\t\n\t\t\t\t\t\n\t\t\t\t\tYAPI KRED\u0130 BANKASI\n\t\t\t\t\t\n\t\t\t\t<\/a>\n\t\t\t\t\n\t\t\t<\/h4>\n\t\t<\/div>\n\n\t\t<div id=\"1541534823202-ee106b37-3dd3\" class=\"accordion-collapse collapse\" role=\"tabpanel\" aria-labelledby=\"heading_1541534823202-ee106b37-3dd3\">\n\t\t\t<div class=\"accordion-content\">\n\t\t\t<p>[vc_column_text]<strong>\u015eUBE :<\/strong>\u00a0\u015eAKINBAKKAL \u015eUBES\u0130 ( 0060 )<br \/>\n<strong>HESAP NO :<\/strong>\u00a065774215<br \/>\n<strong>IBAN :<\/strong>\u00a0TR61 0006 7010 0000 0065 7742 15[\/vc_column_text]<\/p>\n\t\t\t<\/div>\n\t\t<\/div>\n\t<\/div>\n\t<div class=\"accordion-item panel  active \">\n\n\t\t<div class=\"accordion-heading\" role=\"tab\" id=\"heading_1541534823213-44a2491d-424b\">\n\t\t\t<h4 class=\"accordion-title\">\n\t\t\t\t<a class=\"\" data-toggle=\"collapse\" data-parent=\"#vc_accordion_69e1f03c75dde\" href=\"#1541534823213-44a2491d-424b\" aria-expanded=\"true\" aria-controls=\"1541534823213-44a2491d-424b\">\n\t\t\t\t\t\n\t\t\t\t\t\n\t\t\t\t\tGARANT\u0130 BANKASI\n\t\t\t\t\t\n\t\t\t\t<\/a>\n\t\t\t\t\n\t\t\t<\/h4>\n\t\t<\/div>\n\n\t\t<div id=\"1541534823213-44a2491d-424b\" class=\"accordion-collapse collapse in\" role=\"tabpanel\" aria-labelledby=\"heading_1541534823213-44a2491d-424b\">\n\t\t\t<div class=\"accordion-content\">\n\t\t\t<p>[vc_column_text]<strong>\u015eUBE :<\/strong>\u00a0G\u00f6ztepe \u015eubesi ( 299 )<br \/>\n<strong>HESAP NO :<\/strong>\u00a06299207<br \/>\n<strong>IBAN :<\/strong>\u00a0TR04 0006 2000 2990 0006 2992 07[\/vc_column_text]<\/p>\n\t\t\t<\/div>\n\t\t<\/div>\n\t<\/div>\n\t<div class=\"accordion-item panel  \">\n\n\t\t<div class=\"accordion-heading\" role=\"tab\" id=\"heading_1541534838794-ef27c3ea-4575\">\n\t\t\t<h4 class=\"accordion-title\">\n\t\t\t\t<a class=\"collapsed\" data-toggle=\"collapse\" data-parent=\"#vc_accordion_69e1f03c75dde\" href=\"#1541534838794-ef27c3ea-4575\" aria-expanded=\"false\" aria-controls=\"1541534838794-ef27c3ea-4575\">\n\t\t\t\t\t\n\t\t\t\t\t\n\t\t\t\t\t\u0130\u015e BANKASI\n\t\t\t\t\t\n\t\t\t\t<\/a>\n\t\t\t\t\n\t\t\t<\/h4>\n\t\t<\/div>\n\n\t\t<div id=\"1541534838794-ef27c3ea-4575\" class=\"accordion-collapse collapse\" role=\"tabpanel\" aria-labelledby=\"heading_1541534838794-ef27c3ea-4575\">\n\t\t\t<div class=\"accordion-content\">\n\t\t\t<p>[vc_column_text]<strong>\u015eUBE :<\/strong>\u00a0\u015ea\u015fk\u0131nbakkal \u015eubesi ( 1066 )<br \/>\n<strong>HESAP NO :<\/strong>\u00a0426160<br \/>\n<strong>IBAN :<\/strong>\u00a0TR43 0006 4000 0011 0660 4261 60[\/vc_column_text]<\/p>\n\t\t\t<\/div>\n\t\t<\/div>\n\t<\/div>\n\t<div class=\"accordion-item panel  \">\n\n\t\t<div class=\"accordion-heading\" role=\"tab\" id=\"heading_ld-1586869290981-8f99bbbd-5393\">\n\t\t\t<h4 class=\"accordion-title\">\n\t\t\t\t<a class=\"collapsed\" data-toggle=\"collapse\" data-parent=\"#vc_accordion_69e1f03c75dde\" href=\"#ld-1586869290981-8f99bbbd-5393\" aria-expanded=\"false\" aria-controls=\"ld-1586869290981-8f99bbbd-5393\">\n\t\t\t\t\t\n\t\t\t\t\t\n\t\t\t\t\tHALK BANKASI\n\t\t\t\t\t\n\t\t\t\t<\/a>\n\t\t\t\t\n\t\t\t<\/h4>\n\t\t<\/div>\n\n\t\t<div id=\"ld-1586869290981-8f99bbbd-5393\" class=\"accordion-collapse collapse\" role=\"tabpanel\" aria-labelledby=\"heading_ld-1586869290981-8f99bbbd-5393\">\n\t\t\t<div class=\"accordion-content\">\n\t\t\t<p>[vc_column_text]<strong>\u015eUBE :<\/strong>\u00a0Kuyuba\u015f\u0131 \u015eubesi ( 0866 )<br \/>\n<strong>HESAP NO :<\/strong>\u00a010260115<br \/>\n<strong>IBAN :<\/strong>\u00a0TR22 0001 2009 8660 0010 2601 15[\/vc_column_text]<\/p>\n\t\t\t<\/div>\n\t\t<\/div>\n\t<\/div>\n<\/div>[\/vc_column][\/vc_row]<\/p>\n","protected":false},"excerpt":{"rendered":"<p>[vc_row][vc_column][\/vc_column][\/vc_row]<\/p>\n","protected":false},"author":1,"featured_media":0,"parent":0,"menu_order":0,"comment_status":"closed","ping_status":"closed","template":"","meta":[],"_links":{"self":[{"href":"http:\/\/atakalibrasyon.com.tr\/index.php\/wp-json\/wp\/v2\/pages\/6347"}],"collection":[{"href":"http:\/\/atakalibrasyon.com.tr\/index.php\/wp-json\/wp\/v2\/pages"}],"about":[{"href":"http:\/\/atakalibrasyon.com.tr\/index.php\/wp-json\/wp\/v2\/types\/page"}],"author":[{"embeddable":true,"href":"http:\/\/atakalibrasyon.com.tr\/index.php\/wp-json\/wp\/v2\/users\/1"}],"replies":[{"embeddable":true,"href":"http:\/\/atakalibrasyon.com.tr\/index.php\/wp-json\/wp\/v2\/comments?post=6347"}],"version-history":[{"count":0,"href":"http:\/\/atakalibrasyon.com.tr\/index.php\/wp-json\/wp\/v2\/pages\/6347\/revisions"}],"wp:attachment":[{"href":"http:\/\/atakalibrasyon.com.tr\/index.php\/wp-json\/wp\/v2\/media?parent=6347"}],"curies":[{"name":"wp","href":"https:\/\/api.w.org\/{rel}","templated":true}]}}