{"id":5624,"date":"2018-10-24T09:37:20","date_gmt":"2018-10-24T09:37:20","guid":{"rendered":"http:\/\/onetwo.themerella.com\/?page_id=5624"},"modified":"2018-10-24T09:37:20","modified_gmt":"2018-10-24T09:37:20","slug":"date","status":"publish","type":"page","link":"http:\/\/atakalibrasyon.com.tr\/index.php\/date\/","title":{"rendered":"Date"},"content":{"rendered":"<p>[vc_row][vc_column]<style>.ld_spacer_69e2258247d96{height:70px;}<\/style>\n<div class=\"ld-empty-space ld_spacer_69e2258247d96\"><span class=\"liquid_empty_space_inner\"><\/span><\/div><style>.ld_blog_69e2258247f8e .liquid-blog-grid{margin-left:-45px;margin-right:-45px;}.ld_blog_69e2258247f8e .liquid-blog-grid > div{padding-left:45px;padding-right:45px;}.ld_blog_69e2258247f8e .liquid-blog-grid .liquid-lp{margin-bottom:60px;}.ld_blog_69e2258247f8e .filter-list{margin-bottom:px;}.ld_blog_69e2258247f8e .liquid-blog-item .liquid-lp-title,.ld_blog_69e2258247f8e .liquid-lp .liquid-lp-title{margin-top:px;margin-bottom:px;}<\/style><div class=\"liquid-blog-posts ld_blog_69e2258247f8e ld-1540373550291-9b25b10b-a3f9 \"><div class=\"liquid-blog-grid row\"><div class=\"col-md-6\"><article id=\"post-1\" class=\"liquid-lp liquid-lp-time-aside post-1 post type-post status-publish format-standard hentry category-genel\"><time class=\"entry-date published updated liquid-lp-date\" datetime=\"2020-05-28T10:52:23+03:00\"><span>28<\/span> May<\/time><header class=\"liquid-lp-header\">\n\t<h2 class=\"entry-title liquid-lp-title h5\"><a  href=\"http:\/\/atakalibrasyon.com.tr\/index.php\/2020\/05\/28\/merhaba-dunya\/\" rel=\"bookmark\">Merhaba d\u00fcnya!<\/a><\/h2><\/header>\n\n\t\t\t<div class=\"liquid-lp-excerpt entry-summary \">\n\t\t\t\t<p>WordPress&#8217;e ho\u015f geldiniz. Bu sizin ilk yaz\u0131n\u0131z. Bu yaz\u0131y\u0131 d\u00fczenleyin ya da silin.<\/p>\n\t\t\t<\/div><!-- \/.latest-post-excerpt -->\n\t\t\n<footer class=\"liquid-lp-footer\">\n\n\t<div class=\"liquid-lp-meta\">\n\n\t\t<span class=\"author vcard\"><span class=\"screen-reader-text\">Author <\/span><a class=\"url fn n\" href=\"http:\/\/atakalibrasyon.com.tr\/index.php\/author\/admin\/\"><svg version=\"1.1\" xmlns=\"http:\/\/www.w3.org\/2000\/svg\" xmlns:xlink=\"http:\/\/www.w3.org\/1999\/xlink\" x=\"0px\" y=\"0px\" viewBox=\"0 0 24 24\" xml:space=\"preserve\" width=\"12\" stroke=\"#a7a9b8\">\n\t\t\t\t\t\t\t<path fill=\"none\" stroke-width=\"2\" stroke-linecap=\"square\" stroke-miterlimit=\"10\" d=\"M12,12L12,12 c-2.761,0-5-2.239-5-5V6c0-2.761,2.239-5,5-5h0c2.761,0,5,2.239,5,5v1C17,9.761,14.761,12,12,12z\" stroke-linejoin=\"miter\"><\/path>\n\t\t\t\t\t\t\t<path data-color=\"color-2\" fill=\"none\" stroke-width=\"2\" stroke-linecap=\"square\" stroke-miterlimit=\"10\" d=\"M22,20.908 c0-1.8-1.197-3.383-2.934-3.856C17.172,16.535,14.586,16,12,16s-5.172,0.535-7.066,1.052C3.197,17.525,2,19.108,2,20.908V23h20 V20.908z\" stroke-linejoin=\"miter\"><\/path>\n\t\t\t\t\t\t<\/svg>admin<\/a> <\/span>\t\t\n\t<\/div><!-- \/.liquid-lp-meta -->\n\n<\/footer><\/article><\/div><div class=\"col-md-6\"><article id=\"post-6957\" class=\"liquid-lp liquid-lp-time-aside post-6957 post type-post status-publish format-standard hentry category-genel\"><time class=\"entry-date published updated liquid-lp-date\" datetime=\"2020-04-13T17:50:35+03:00\"><span>13<\/span> Nis<\/time><header class=\"liquid-lp-header\">\n\t<h2 class=\"entry-title liquid-lp-title h5\"><a  href=\"http:\/\/atakalibrasyon.com.tr\/index.php\/2020\/04\/13\/merhaba-dunya-2\/\" rel=\"bookmark\">Merhaba d\u00fcnya!<\/a><\/h2><\/header>\n\n\t\t\t<div class=\"liquid-lp-excerpt entry-summary \">\n\t\t\t\t<p>WordPress&#8217;e ho\u015f geldiniz. Bu sizin ilk yaz\u0131n\u0131z. Bu yaz\u0131y\u0131 d\u00fczenleyin ya da silin.<\/p>\n\t\t\t<\/div><!-- \/.latest-post-excerpt -->\n\t\t\n<footer class=\"liquid-lp-footer\">\n\n\t<div class=\"liquid-lp-meta\">\n\n\t\t<span class=\"author vcard\"><span class=\"screen-reader-text\">Author <\/span><a class=\"url fn n\" href=\"http:\/\/atakalibrasyon.com.tr\/index.php\/author\/admin\/\"><svg version=\"1.1\" xmlns=\"http:\/\/www.w3.org\/2000\/svg\" xmlns:xlink=\"http:\/\/www.w3.org\/1999\/xlink\" x=\"0px\" y=\"0px\" viewBox=\"0 0 24 24\" xml:space=\"preserve\" width=\"12\" stroke=\"#a7a9b8\">\n\t\t\t\t\t\t\t<path fill=\"none\" stroke-width=\"2\" stroke-linecap=\"square\" stroke-miterlimit=\"10\" d=\"M12,12L12,12 c-2.761,0-5-2.239-5-5V6c0-2.761,2.239-5,5-5h0c2.761,0,5,2.239,5,5v1C17,9.761,14.761,12,12,12z\" stroke-linejoin=\"miter\"><\/path>\n\t\t\t\t\t\t\t<path data-color=\"color-2\" fill=\"none\" stroke-width=\"2\" stroke-linecap=\"square\" stroke-miterlimit=\"10\" d=\"M22,20.908 c0-1.8-1.197-3.383-2.934-3.856C17.172,16.535,14.586,16,12,16s-5.172,0.535-7.066,1.052C3.197,17.525,2,19.108,2,20.908V23h20 V20.908z\" stroke-linejoin=\"miter\"><\/path>\n\t\t\t\t\t\t<\/svg>admin<\/a> <\/span>\t\t\n\t<\/div><!-- \/.liquid-lp-meta -->\n\n<\/footer><\/article><\/div><div class=\"col-md-6\"><article id=\"post-3648\" class=\"liquid-lp liquid-lp-time-aside post-3648 post type-post status-publish format-standard has-post-thumbnail hentry category-classic category-event tag-event\"><time class=\"entry-date published updated liquid-lp-date\" datetime=\"2018-08-22T10:14:07+03:00\"><span>22<\/span> A\u011fu<\/time><header class=\"liquid-lp-header\">\n\t<h2 class=\"entry-title liquid-lp-title h5\"><a  href=\"http:\/\/atakalibrasyon.com.tr\/index.php\/2018\/08\/22\/business-meeting-2017-in-san-francisco-3\/\" rel=\"bookmark\">Business meeting 2017 in San Francisco<\/a><\/h2><\/header>\n\n\t\t\t<div class=\"liquid-lp-excerpt entry-summary \">\n\t\t\t\t<p>[vc_row][vc_column][vc_column_text]Never ever think of giving up. Winners never quit and quitters never win.<\/p>\n\t\t\t<\/div><!-- \/.latest-post-excerpt -->\n\t\t\n<footer class=\"liquid-lp-footer\">\n\n\t<div class=\"liquid-lp-meta\">\n\n\t\t<span class=\"author vcard\"><span class=\"screen-reader-text\">Author <\/span><a class=\"url fn n\" href=\"http:\/\/atakalibrasyon.com.tr\/index.php\/author\/admin\/\"><svg version=\"1.1\" xmlns=\"http:\/\/www.w3.org\/2000\/svg\" xmlns:xlink=\"http:\/\/www.w3.org\/1999\/xlink\" x=\"0px\" y=\"0px\" viewBox=\"0 0 24 24\" xml:space=\"preserve\" width=\"12\" stroke=\"#a7a9b8\">\n\t\t\t\t\t\t\t<path fill=\"none\" stroke-width=\"2\" stroke-linecap=\"square\" stroke-miterlimit=\"10\" d=\"M12,12L12,12 c-2.761,0-5-2.239-5-5V6c0-2.761,2.239-5,5-5h0c2.761,0,5,2.239,5,5v1C17,9.761,14.761,12,12,12z\" stroke-linejoin=\"miter\"><\/path>\n\t\t\t\t\t\t\t<path data-color=\"color-2\" fill=\"none\" stroke-width=\"2\" stroke-linecap=\"square\" stroke-miterlimit=\"10\" d=\"M22,20.908 c0-1.8-1.197-3.383-2.934-3.856C17.172,16.535,14.586,16,12,16s-5.172,0.535-7.066,1.052C3.197,17.525,2,19.108,2,20.908V23h20 V20.908z\" stroke-linejoin=\"miter\"><\/path>\n\t\t\t\t\t\t<\/svg>admin<\/a> <\/span>\t\t<span><span class=\"screen-reader-text\">Tags <\/span><svg version=\"1.1\" xmlns=\"http:\/\/www.w3.org\/2000\/svg\" xmlns:xlink=\"http:\/\/www.w3.org\/1999\/xlink\" x=\"0px\" y=\"0px\" viewBox=\"0 0 24 24\" xml:space=\"preserve\" width=\"14\" stroke=\"#a7a9b8\">\n\t\t\t\t\t\t<polygon fill=\"none\" stroke-width=\"2\" stroke-linecap=\"square\" stroke-miterlimit=\"10\" points=\"23,23 1,23 1,1 9,1 12,5 23,5 \" transform=\"translate(0, 0)\" stroke-linejoin=\"miter\"><\/polygon>\n\t\t\t\t\t<\/svg><ul class=\"liquid-lp-category size-sm\"><li><a href=\"http:\/\/atakalibrasyon.com.tr\/index.php\/tag\/event\/\" rel=\"tag\">Event<\/a><\/li><\/ul><\/span>\n\t<\/div><!-- \/.liquid-lp-meta -->\n\n<\/footer><\/article><\/div><div class=\"col-md-6\"><article id=\"post-3646\" class=\"liquid-lp liquid-lp-time-aside post-3646 post type-post status-publish format-standard has-post-thumbnail hentry category-classic category-news tag-news\"><time class=\"entry-date published updated liquid-lp-date\" datetime=\"2018-08-22T10:13:51+03:00\"><span>22<\/span> A\u011fu<\/time><header class=\"liquid-lp-header\">\n\t<h2 class=\"entry-title liquid-lp-title h5\"><a  href=\"http:\/\/atakalibrasyon.com.tr\/index.php\/2018\/08\/22\/business-meeting-2017-in-london-3-2\/\" rel=\"bookmark\">Business meeting 2017 in London<\/a><\/h2><\/header>\n\n\t\t\t<div class=\"liquid-lp-excerpt entry-summary \">\n\t\t\t\t<p>[vc_row][vc_column][vc_empty_space height=&#8221;2em&#8221;][vc_column_text] \u201cSuccess is the result of perfection, hard work, learning from failure,<\/p>\n\t\t\t<\/div><!-- \/.latest-post-excerpt -->\n\t\t\n<footer class=\"liquid-lp-footer\">\n\n\t<div class=\"liquid-lp-meta\">\n\n\t\t<span class=\"author vcard\"><span class=\"screen-reader-text\">Author <\/span><a class=\"url fn n\" href=\"http:\/\/atakalibrasyon.com.tr\/index.php\/author\/admin\/\"><svg version=\"1.1\" xmlns=\"http:\/\/www.w3.org\/2000\/svg\" xmlns:xlink=\"http:\/\/www.w3.org\/1999\/xlink\" x=\"0px\" y=\"0px\" viewBox=\"0 0 24 24\" xml:space=\"preserve\" width=\"12\" stroke=\"#a7a9b8\">\n\t\t\t\t\t\t\t<path fill=\"none\" stroke-width=\"2\" stroke-linecap=\"square\" stroke-miterlimit=\"10\" d=\"M12,12L12,12 c-2.761,0-5-2.239-5-5V6c0-2.761,2.239-5,5-5h0c2.761,0,5,2.239,5,5v1C17,9.761,14.761,12,12,12z\" stroke-linejoin=\"miter\"><\/path>\n\t\t\t\t\t\t\t<path data-color=\"color-2\" fill=\"none\" stroke-width=\"2\" stroke-linecap=\"square\" stroke-miterlimit=\"10\" d=\"M22,20.908 c0-1.8-1.197-3.383-2.934-3.856C17.172,16.535,14.586,16,12,16s-5.172,0.535-7.066,1.052C3.197,17.525,2,19.108,2,20.908V23h20 V20.908z\" stroke-linejoin=\"miter\"><\/path>\n\t\t\t\t\t\t<\/svg>admin<\/a> <\/span>\t\t<span><span class=\"screen-reader-text\">Tags <\/span><svg version=\"1.1\" xmlns=\"http:\/\/www.w3.org\/2000\/svg\" xmlns:xlink=\"http:\/\/www.w3.org\/1999\/xlink\" x=\"0px\" y=\"0px\" viewBox=\"0 0 24 24\" xml:space=\"preserve\" width=\"14\" stroke=\"#a7a9b8\">\n\t\t\t\t\t\t<polygon fill=\"none\" stroke-width=\"2\" stroke-linecap=\"square\" stroke-miterlimit=\"10\" points=\"23,23 1,23 1,1 9,1 12,5 23,5 \" transform=\"translate(0, 0)\" stroke-linejoin=\"miter\"><\/polygon>\n\t\t\t\t\t<\/svg><ul class=\"liquid-lp-category size-sm\"><li><a href=\"http:\/\/atakalibrasyon.com.tr\/index.php\/tag\/news\/\" rel=\"tag\">News<\/a><\/li><\/ul><\/span>\n\t<\/div><!-- \/.liquid-lp-meta -->\n\n<\/footer><\/article><\/div><div class=\"col-md-6\"><article id=\"post-3647\" class=\"liquid-lp liquid-lp-time-aside post-3647 post type-post status-publish format-standard has-post-thumbnail hentry category-classic category-lifestyle tag-event\"><time class=\"entry-date published updated liquid-lp-date\" datetime=\"2018-08-22T10:13:08+03:00\"><span>22<\/span> A\u011fu<\/time><header class=\"liquid-lp-header\">\n\t<h2 class=\"entry-title liquid-lp-title h5\"><a  href=\"http:\/\/atakalibrasyon.com.tr\/index.php\/2018\/08\/22\/combing-hair-10-tips-for-proper-hair-combing-3\/\" rel=\"bookmark\">Combing hair 10 tips for proper hair combing<\/a><\/h2><\/header>\n\n\t\t\t<div class=\"liquid-lp-excerpt entry-summary \">\n\t\t\t\t<p>[vc_row][vc_column][vc_column_text] Never ever think of giving up. Winners never quit and quitters never<\/p>\n\t\t\t<\/div><!-- \/.latest-post-excerpt -->\n\t\t\n<footer class=\"liquid-lp-footer\">\n\n\t<div class=\"liquid-lp-meta\">\n\n\t\t<span class=\"author vcard\"><span class=\"screen-reader-text\">Author <\/span><a class=\"url fn n\" href=\"http:\/\/atakalibrasyon.com.tr\/index.php\/author\/admin\/\"><svg version=\"1.1\" xmlns=\"http:\/\/www.w3.org\/2000\/svg\" xmlns:xlink=\"http:\/\/www.w3.org\/1999\/xlink\" x=\"0px\" y=\"0px\" viewBox=\"0 0 24 24\" xml:space=\"preserve\" width=\"12\" stroke=\"#a7a9b8\">\n\t\t\t\t\t\t\t<path fill=\"none\" stroke-width=\"2\" stroke-linecap=\"square\" stroke-miterlimit=\"10\" d=\"M12,12L12,12 c-2.761,0-5-2.239-5-5V6c0-2.761,2.239-5,5-5h0c2.761,0,5,2.239,5,5v1C17,9.761,14.761,12,12,12z\" stroke-linejoin=\"miter\"><\/path>\n\t\t\t\t\t\t\t<path data-color=\"color-2\" fill=\"none\" stroke-width=\"2\" stroke-linecap=\"square\" stroke-miterlimit=\"10\" d=\"M22,20.908 c0-1.8-1.197-3.383-2.934-3.856C17.172,16.535,14.586,16,12,16s-5.172,0.535-7.066,1.052C3.197,17.525,2,19.108,2,20.908V23h20 V20.908z\" stroke-linejoin=\"miter\"><\/path>\n\t\t\t\t\t\t<\/svg>admin<\/a> <\/span>\t\t<span><span class=\"screen-reader-text\">Tags <\/span><svg version=\"1.1\" xmlns=\"http:\/\/www.w3.org\/2000\/svg\" xmlns:xlink=\"http:\/\/www.w3.org\/1999\/xlink\" x=\"0px\" y=\"0px\" viewBox=\"0 0 24 24\" xml:space=\"preserve\" width=\"14\" stroke=\"#a7a9b8\">\n\t\t\t\t\t\t<polygon fill=\"none\" stroke-width=\"2\" stroke-linecap=\"square\" stroke-miterlimit=\"10\" points=\"23,23 1,23 1,1 9,1 12,5 23,5 \" transform=\"translate(0, 0)\" stroke-linejoin=\"miter\"><\/polygon>\n\t\t\t\t\t<\/svg><ul class=\"liquid-lp-category size-sm\"><li><a href=\"http:\/\/atakalibrasyon.com.tr\/index.php\/tag\/event\/\" rel=\"tag\">Event<\/a><\/li><\/ul><\/span>\n\t<\/div><!-- \/.liquid-lp-meta -->\n\n<\/footer><\/article><\/div><div class=\"col-md-6\"><article id=\"post-3645\" class=\"liquid-lp liquid-lp-time-aside post-3645 post type-post status-publish format-standard has-post-thumbnail hentry category-business category-classic tag-blog\"><time class=\"entry-date published updated liquid-lp-date\" datetime=\"2018-08-22T10:12:48+03:00\"><span>22<\/span> A\u011fu<\/time><header class=\"liquid-lp-header\">\n\t<h2 class=\"entry-title liquid-lp-title h5\"><a  href=\"http:\/\/atakalibrasyon.com.tr\/index.php\/2018\/08\/22\/top-10-night-creams-will-help-your-skin-to-relax-3\/\" rel=\"bookmark\">Top 10 night creams will help your skin to relax<\/a><\/h2><\/header>\n\n\t\t\t<div class=\"liquid-lp-excerpt entry-summary \">\n\t\t\t\t<p>[vc_row][vc_column][vc_column_text]Never ever think of giving up. Winners never quit and quitters never win.<\/p>\n\t\t\t<\/div><!-- \/.latest-post-excerpt -->\n\t\t\n<footer class=\"liquid-lp-footer\">\n\n\t<div class=\"liquid-lp-meta\">\n\n\t\t<span class=\"author vcard\"><span class=\"screen-reader-text\">Author <\/span><a class=\"url fn n\" href=\"http:\/\/atakalibrasyon.com.tr\/index.php\/author\/admin\/\"><svg version=\"1.1\" xmlns=\"http:\/\/www.w3.org\/2000\/svg\" xmlns:xlink=\"http:\/\/www.w3.org\/1999\/xlink\" x=\"0px\" y=\"0px\" viewBox=\"0 0 24 24\" xml:space=\"preserve\" width=\"12\" stroke=\"#a7a9b8\">\n\t\t\t\t\t\t\t<path fill=\"none\" stroke-width=\"2\" stroke-linecap=\"square\" stroke-miterlimit=\"10\" d=\"M12,12L12,12 c-2.761,0-5-2.239-5-5V6c0-2.761,2.239-5,5-5h0c2.761,0,5,2.239,5,5v1C17,9.761,14.761,12,12,12z\" stroke-linejoin=\"miter\"><\/path>\n\t\t\t\t\t\t\t<path data-color=\"color-2\" fill=\"none\" stroke-width=\"2\" stroke-linecap=\"square\" stroke-miterlimit=\"10\" d=\"M22,20.908 c0-1.8-1.197-3.383-2.934-3.856C17.172,16.535,14.586,16,12,16s-5.172,0.535-7.066,1.052C3.197,17.525,2,19.108,2,20.908V23h20 V20.908z\" stroke-linejoin=\"miter\"><\/path>\n\t\t\t\t\t\t<\/svg>admin<\/a> <\/span>\t\t<span><span class=\"screen-reader-text\">Tags <\/span><svg version=\"1.1\" xmlns=\"http:\/\/www.w3.org\/2000\/svg\" xmlns:xlink=\"http:\/\/www.w3.org\/1999\/xlink\" x=\"0px\" y=\"0px\" viewBox=\"0 0 24 24\" xml:space=\"preserve\" width=\"14\" stroke=\"#a7a9b8\">\n\t\t\t\t\t\t<polygon fill=\"none\" stroke-width=\"2\" stroke-linecap=\"square\" stroke-miterlimit=\"10\" points=\"23,23 1,23 1,1 9,1 12,5 23,5 \" transform=\"translate(0, 0)\" stroke-linejoin=\"miter\"><\/polygon>\n\t\t\t\t\t<\/svg><ul class=\"liquid-lp-category size-sm\"><li><a href=\"http:\/\/atakalibrasyon.com.tr\/index.php\/tag\/blog\/\" rel=\"tag\">Blog<\/a><\/li><\/ul><\/span>\n\t<\/div><!-- \/.liquid-lp-meta -->\n\n<\/footer><\/article><\/div><\/div><!--\/ .row --><\/div><!--\/ .liquid-blog-posts -->[\/vc_column][\/vc_row]<\/p>\n","protected":false},"excerpt":{"rendered":"<p>[vc_row][vc_column][\/vc_column][\/vc_row]<\/p>\n","protected":false},"author":1,"featured_media":0,"parent":0,"menu_order":0,"comment_status":"closed","ping_status":"closed","template":"","meta":[],"_links":{"self":[{"href":"http:\/\/atakalibrasyon.com.tr\/index.php\/wp-json\/wp\/v2\/pages\/5624"}],"collection":[{"href":"http:\/\/atakalibrasyon.com.tr\/index.php\/wp-json\/wp\/v2\/pages"}],"about":[{"href":"http:\/\/atakalibrasyon.com.tr\/index.php\/wp-json\/wp\/v2\/types\/page"}],"author":[{"embeddable":true,"href":"http:\/\/atakalibrasyon.com.tr\/index.php\/wp-json\/wp\/v2\/users\/1"}],"replies":[{"embeddable":true,"href":"http:\/\/atakalibrasyon.com.tr\/index.php\/wp-json\/wp\/v2\/comments?post=5624"}],"version-history":[{"count":0,"href":"http:\/\/atakalibrasyon.com.tr\/index.php\/wp-json\/wp\/v2\/pages\/5624\/revisions"}],"wp:attachment":[{"href":"http:\/\/atakalibrasyon.com.tr\/index.php\/wp-json\/wp\/v2\/media?parent=5624"}],"curies":[{"name":"wp","href":"https:\/\/api.w.org\/{rel}","templated":true}]}}